{"id":956,"date":"2023-07-26T11:47:13","date_gmt":"2023-07-26T11:47:13","guid":{"rendered":"https:\/\/www.ovesnasvacinka.cz\/?post_type=product&#038;p=956"},"modified":"2026-03-22T16:22:22","modified_gmt":"2026-03-22T16:22:22","slug":"kountry-susenky-40g-maslove","status":"publish","type":"product","link":"https:\/\/www.ovesnasvacinka.cz\/en\/product\/kountry-susenky-40g-maslove\/","title":{"rendered":"Karton Kountry 40g m\u00e1slov\u00e9 su\u0161enky"},"content":{"rendered":"<p><b>Kountry 40g m\u00e1slov\u00e9 su\u0161enky<\/b><\/p>\n<p><u>M\u00e1slo<\/u> min 27%, <u>p\u0161eni\u010dn\u00e1<\/u> mouka, cukr, <u>vaje\u010dn\u00e1<\/u> hmota,\u00a0 emulg\u00e1tor: (slune\u010dnicov\u00fd lecitin) , kyp\u0159\u00edc\u00ed l\u00e1tky ( hydrogenuhli\u010ditan amonn\u00fd , hydrogenuhli\u010ditan sodn\u00fd), aroma,\u00a0 jedl\u00e1 s\u016fl. V\u00fdrobek m\u016f\u017ee obsahovat <span style=\"text-decoration: underline;\">ml\u00e9ko, ara\u0161\u00eddy, sezam a jin\u00e9 sko\u0159\u00e1pkov\u00e9 plody.<\/span><\/p>\n<p><b>V\u00fd\u017eivov\u00e9 hodnoty \/ V\u00fd\u017eivov\u00e1 hodnota na 100 g v\u00fdrobku:<\/b><\/p>\n<p>Energetick\u00e1 hodnota \/ Energetick\u00e1 hodnota 2174kJ \/ 520 kcal<br \/>\nTuky \/ Tuky 27,92g<br \/>\nZ toho nasycen\u00e9 mastn\u00e9 kyseliny \/ Z toho nas\u00fdten\u00e9 mastn\u00e9 kyseliny 19,55g<br \/>\nSacharidy \/ Sacharidy 60,65g z toho cukry \/ z toho cukry 19,6 g<br \/>\nVl\u00e1knina \/ Vl\u00e1knina 1,37g<br \/>\nB\u00edlkoviny \/ Bielkoviny 5,80g<br \/>\nS\u016fl \/ So\u013e 0,22 g<\/p>\n<p>&nbsp;<\/p>\n<p>&nbsp;<\/p>","protected":false},"excerpt":{"rendered":"<p>Produkt obsahuje karton s 30 kusy. Cena jednoho kusu je 14,90 K\u010d. Produkt je bez palmov\u00e9ho tuku.<\/p>","protected":false},"featured_media":1530,"comment_status":"open","ping_status":"closed","template":"","meta":{"_monsterinsights_skip_tracking":false,"_monsterinsights_sitenote_active":false,"_monsterinsights_sitenote_note":"","_monsterinsights_sitenote_category":0},"product_brand":[],"product_cat":[28,19],"product_tag":[],"class_list":{"0":"post-956","1":"product","2":"type-product","3":"status-publish","4":"has-post-thumbnail","6":"product_cat-beskydske","7":"product_cat-bez-palmoveho-tuku","9":"first","10":"instock","11":"shipping-taxable","12":"purchasable","13":"product-type-simple"},"yoast_head":"<!-- This site is optimized with the Yoast SEO plugin v25.3 - https:\/\/yoast.com\/wordpress\/plugins\/seo\/ -->\n<title>Karton Kountry 40g m\u00e1slov\u00e9 su\u0161enky | Ovesn\u00e1 Sva\u010dinka<\/title>\n<meta name=\"description\" content=\"Produkt obsahuje karton s 30 kusy. Cena jednoho kusu je 14,90 K\u010d. Produkt je bez palmov\u00e9ho tuku.\" \/>\n<meta name=\"robots\" content=\"index, follow, max-snippet:-1, max-image-preview:large, max-video-preview:-1\" \/>\n<link rel=\"canonical\" href=\"https:\/\/www.ovesnasvacinka.cz\/en\/product\/kountry-susenky-40g-maslove\/\" \/>\n<meta property=\"og:locale\" content=\"en_US\" \/>\n<meta property=\"og:type\" content=\"article\" \/>\n<meta property=\"og:title\" content=\"Karton Kountry 40g m\u00e1slov\u00e9 su\u0161enky | Ovesn\u00e1 Sva\u010dinka\" \/>\n<meta property=\"og:description\" content=\"Produkt obsahuje karton s 30 kusy. Cena jednoho kusu je 14,90 K\u010d. Produkt je bez palmov\u00e9ho tuku.\" \/>\n<meta property=\"og:url\" content=\"https:\/\/www.ovesnasvacinka.cz\/en\/product\/kountry-susenky-40g-maslove\/\" \/>\n<meta property=\"og:site_name\" content=\"Ovesn\u00e1 Sva\u010dinka\" \/>\n<meta property=\"article:publisher\" content=\"https:\/\/www.facebook.com\/profile.php?id=100086741557523\" \/>\n<meta property=\"article:modified_time\" content=\"2026-03-22T16:22:22+00:00\" \/>\n<meta property=\"og:image\" content=\"https:\/\/www.ovesnasvacinka.cz\/wp-content\/uploads\/2023\/07\/kountry-maslove.webp\" \/>\n\t<meta property=\"og:image:width\" content=\"800\" \/>\n\t<meta property=\"og:image:height\" content=\"766\" \/>\n\t<meta property=\"og:image:type\" content=\"image\/webp\" \/>\n<meta name=\"twitter:card\" content=\"summary_large_image\" \/>\n<meta name=\"twitter:label1\" content=\"Est. reading time\" \/>\n\t<meta name=\"twitter:data1\" content=\"1 minute\" \/>\n<script type=\"application\/ld+json\" class=\"yoast-schema-graph\">{\"@context\":\"https:\/\/schema.org\",\"@graph\":[{\"@type\":\"WebPage\",\"@id\":\"https:\/\/www.ovesnasvacinka.cz\/product\/kountry-susenky-40g-maslove\/\",\"url\":\"https:\/\/www.ovesnasvacinka.cz\/product\/kountry-susenky-40g-maslove\/\",\"name\":\"Karton Kountry 40g m\u00e1slov\u00e9 su\u0161enky | Ovesn\u00e1 Sva\u010dinka\",\"isPartOf\":{\"@id\":\"https:\/\/www.ovesnasvacinka.cz\/#website\"},\"primaryImageOfPage\":{\"@id\":\"https:\/\/www.ovesnasvacinka.cz\/product\/kountry-susenky-40g-maslove\/#primaryimage\"},\"image\":{\"@id\":\"https:\/\/www.ovesnasvacinka.cz\/product\/kountry-susenky-40g-maslove\/#primaryimage\"},\"thumbnailUrl\":\"https:\/\/www.ovesnasvacinka.cz\/wp-content\/uploads\/2023\/07\/kountry-maslove.webp\",\"datePublished\":\"2023-07-26T11:47:13+00:00\",\"dateModified\":\"2026-03-22T16:22:22+00:00\",\"description\":\"Produkt obsahuje karton s 30 kusy. Cena jednoho kusu je 14,90 K\u010d. Produkt je bez palmov\u00e9ho tuku.\",\"breadcrumb\":{\"@id\":\"https:\/\/www.ovesnasvacinka.cz\/product\/kountry-susenky-40g-maslove\/#breadcrumb\"},\"inLanguage\":\"en-US\",\"potentialAction\":[{\"@type\":\"ReadAction\",\"target\":[\"https:\/\/www.ovesnasvacinka.cz\/product\/kountry-susenky-40g-maslove\/\"]}]},{\"@type\":\"ImageObject\",\"inLanguage\":\"en-US\",\"@id\":\"https:\/\/www.ovesnasvacinka.cz\/product\/kountry-susenky-40g-maslove\/#primaryimage\",\"url\":\"https:\/\/www.ovesnasvacinka.cz\/wp-content\/uploads\/2023\/07\/kountry-maslove.webp\",\"contentUrl\":\"https:\/\/www.ovesnasvacinka.cz\/wp-content\/uploads\/2023\/07\/kountry-maslove.webp\",\"width\":800,\"height\":766,\"caption\":\"Kounrty 40g maslove susenky\"},{\"@type\":\"BreadcrumbList\",\"@id\":\"https:\/\/www.ovesnasvacinka.cz\/product\/kountry-susenky-40g-maslove\/#breadcrumb\",\"itemListElement\":[{\"@type\":\"ListItem\",\"position\":1,\"name\":\"Home\",\"item\":\"https:\/\/www.ovesnasvacinka.cz\/\"},{\"@type\":\"ListItem\",\"position\":2,\"name\":\"Shop\",\"item\":\"https:\/\/www.ovesnasvacinka.cz\/shop\/\"},{\"@type\":\"ListItem\",\"position\":3,\"name\":\"Karton Kountry 40g m\u00e1slov\u00e9 su\u0161enky\"}]},{\"@type\":\"WebSite\",\"@id\":\"https:\/\/www.ovesnasvacinka.cz\/#website\",\"url\":\"https:\/\/www.ovesnasvacinka.cz\/\",\"name\":\"Ovesn\u00e1 Sva\u010dinka\",\"description\":\"Sva\u010dinka pro ka\u017edou p\u0159\u00edle\u017eitost\",\"publisher\":{\"@id\":\"https:\/\/www.ovesnasvacinka.cz\/#organization\"},\"potentialAction\":[{\"@type\":\"SearchAction\",\"target\":{\"@type\":\"EntryPoint\",\"urlTemplate\":\"https:\/\/www.ovesnasvacinka.cz\/?s={search_term_string}\"},\"query-input\":{\"@type\":\"PropertyValueSpecification\",\"valueRequired\":true,\"valueName\":\"search_term_string\"}}],\"inLanguage\":\"en-US\"},{\"@type\":\"Organization\",\"@id\":\"https:\/\/www.ovesnasvacinka.cz\/#organization\",\"name\":\"Ovesn\u00e1 Sva\u010dinka\",\"url\":\"https:\/\/www.ovesnasvacinka.cz\/\",\"logo\":{\"@type\":\"ImageObject\",\"inLanguage\":\"en-US\",\"@id\":\"https:\/\/www.ovesnasvacinka.cz\/#\/schema\/logo\/image\/\",\"url\":\"https:\/\/www.ovesnasvacinka.cz\/wp-content\/uploads\/2022\/09\/logo_ok.png\",\"contentUrl\":\"https:\/\/www.ovesnasvacinka.cz\/wp-content\/uploads\/2022\/09\/logo_ok.png\",\"width\":704,\"height\":159,\"caption\":\"Ovesn\u00e1 Sva\u010dinka\"},\"image\":{\"@id\":\"https:\/\/www.ovesnasvacinka.cz\/#\/schema\/logo\/image\/\"},\"sameAs\":[\"https:\/\/www.facebook.com\/profile.php?id=100086741557523\",\"https:\/\/www.instagram.com\/ovesnasvacinka\/\"]}]}<\/script>\n<!-- \/ Yoast SEO plugin. -->","yoast_head_json":{"title":"Karton Kountry 40g m\u00e1slov\u00e9 su\u0161enky | Ovesn\u00e1 Sva\u010dinka","description":"Produkt obsahuje karton s 30 kusy. Cena jednoho kusu je 14,90 K\u010d. Produkt je bez palmov\u00e9ho tuku.","robots":{"index":"index","follow":"follow","max-snippet":"max-snippet:-1","max-image-preview":"max-image-preview:large","max-video-preview":"max-video-preview:-1"},"canonical":"https:\/\/www.ovesnasvacinka.cz\/en\/product\/kountry-susenky-40g-maslove\/","og_locale":"en_US","og_type":"article","og_title":"Karton Kountry 40g m\u00e1slov\u00e9 su\u0161enky | Ovesn\u00e1 Sva\u010dinka","og_description":"Produkt obsahuje karton s 30 kusy. Cena jednoho kusu je 14,90 K\u010d. Produkt je bez palmov\u00e9ho tuku.","og_url":"https:\/\/www.ovesnasvacinka.cz\/en\/product\/kountry-susenky-40g-maslove\/","og_site_name":"Ovesn\u00e1 Sva\u010dinka","article_publisher":"https:\/\/www.facebook.com\/profile.php?id=100086741557523","article_modified_time":"2026-03-22T16:22:22+00:00","og_image":[{"width":800,"height":766,"url":"https:\/\/www.ovesnasvacinka.cz\/wp-content\/uploads\/2023\/07\/kountry-maslove.webp","type":"image\/webp"}],"twitter_card":"summary_large_image","twitter_misc":{"Est. reading time":"1 minute"},"schema":{"@context":"https:\/\/schema.org","@graph":[{"@type":"WebPage","@id":"https:\/\/www.ovesnasvacinka.cz\/product\/kountry-susenky-40g-maslove\/","url":"https:\/\/www.ovesnasvacinka.cz\/product\/kountry-susenky-40g-maslove\/","name":"Karton Kountry 40g m\u00e1slov\u00e9 su\u0161enky | Ovesn\u00e1 Sva\u010dinka","isPartOf":{"@id":"https:\/\/www.ovesnasvacinka.cz\/#website"},"primaryImageOfPage":{"@id":"https:\/\/www.ovesnasvacinka.cz\/product\/kountry-susenky-40g-maslove\/#primaryimage"},"image":{"@id":"https:\/\/www.ovesnasvacinka.cz\/product\/kountry-susenky-40g-maslove\/#primaryimage"},"thumbnailUrl":"https:\/\/www.ovesnasvacinka.cz\/wp-content\/uploads\/2023\/07\/kountry-maslove.webp","datePublished":"2023-07-26T11:47:13+00:00","dateModified":"2026-03-22T16:22:22+00:00","description":"Produkt obsahuje karton s 30 kusy. Cena jednoho kusu je 14,90 K\u010d. Produkt je bez palmov\u00e9ho tuku.","breadcrumb":{"@id":"https:\/\/www.ovesnasvacinka.cz\/product\/kountry-susenky-40g-maslove\/#breadcrumb"},"inLanguage":"en-US","potentialAction":[{"@type":"ReadAction","target":["https:\/\/www.ovesnasvacinka.cz\/product\/kountry-susenky-40g-maslove\/"]}]},{"@type":"ImageObject","inLanguage":"en-US","@id":"https:\/\/www.ovesnasvacinka.cz\/product\/kountry-susenky-40g-maslove\/#primaryimage","url":"https:\/\/www.ovesnasvacinka.cz\/wp-content\/uploads\/2023\/07\/kountry-maslove.webp","contentUrl":"https:\/\/www.ovesnasvacinka.cz\/wp-content\/uploads\/2023\/07\/kountry-maslove.webp","width":800,"height":766,"caption":"Kounrty 40g maslove susenky"},{"@type":"BreadcrumbList","@id":"https:\/\/www.ovesnasvacinka.cz\/product\/kountry-susenky-40g-maslove\/#breadcrumb","itemListElement":[{"@type":"ListItem","position":1,"name":"Home","item":"https:\/\/www.ovesnasvacinka.cz\/"},{"@type":"ListItem","position":2,"name":"Shop","item":"https:\/\/www.ovesnasvacinka.cz\/shop\/"},{"@type":"ListItem","position":3,"name":"Karton Kountry 40g m\u00e1slov\u00e9 su\u0161enky"}]},{"@type":"WebSite","@id":"https:\/\/www.ovesnasvacinka.cz\/#website","url":"https:\/\/www.ovesnasvacinka.cz\/","name":"Ovesn\u00e1 Sva\u010dinka","description":"Sva\u010dinka pro ka\u017edou p\u0159\u00edle\u017eitost","publisher":{"@id":"https:\/\/www.ovesnasvacinka.cz\/#organization"},"potentialAction":[{"@type":"SearchAction","target":{"@type":"EntryPoint","urlTemplate":"https:\/\/www.ovesnasvacinka.cz\/?s={search_term_string}"},"query-input":{"@type":"PropertyValueSpecification","valueRequired":true,"valueName":"search_term_string"}}],"inLanguage":"en-US"},{"@type":"Organization","@id":"https:\/\/www.ovesnasvacinka.cz\/#organization","name":"Ovesn\u00e1 Sva\u010dinka","url":"https:\/\/www.ovesnasvacinka.cz\/","logo":{"@type":"ImageObject","inLanguage":"en-US","@id":"https:\/\/www.ovesnasvacinka.cz\/#\/schema\/logo\/image\/","url":"https:\/\/www.ovesnasvacinka.cz\/wp-content\/uploads\/2022\/09\/logo_ok.png","contentUrl":"https:\/\/www.ovesnasvacinka.cz\/wp-content\/uploads\/2022\/09\/logo_ok.png","width":704,"height":159,"caption":"Ovesn\u00e1 Sva\u010dinka"},"image":{"@id":"https:\/\/www.ovesnasvacinka.cz\/#\/schema\/logo\/image\/"},"sameAs":["https:\/\/www.facebook.com\/profile.php?id=100086741557523","https:\/\/www.instagram.com\/ovesnasvacinka\/"]}]}},"_links":{"self":[{"href":"https:\/\/www.ovesnasvacinka.cz\/en\/wp-json\/wp\/v2\/product\/956","targetHints":{"allow":["GET"]}}],"collection":[{"href":"https:\/\/www.ovesnasvacinka.cz\/en\/wp-json\/wp\/v2\/product"}],"about":[{"href":"https:\/\/www.ovesnasvacinka.cz\/en\/wp-json\/wp\/v2\/types\/product"}],"replies":[{"embeddable":true,"href":"https:\/\/www.ovesnasvacinka.cz\/en\/wp-json\/wp\/v2\/comments?post=956"}],"wp:featuredmedia":[{"embeddable":true,"href":"https:\/\/www.ovesnasvacinka.cz\/en\/wp-json\/wp\/v2\/media\/1530"}],"wp:attachment":[{"href":"https:\/\/www.ovesnasvacinka.cz\/en\/wp-json\/wp\/v2\/media?parent=956"}],"wp:term":[{"taxonomy":"product_brand","embeddable":true,"href":"https:\/\/www.ovesnasvacinka.cz\/en\/wp-json\/wp\/v2\/product_brand?post=956"},{"taxonomy":"product_cat","embeddable":true,"href":"https:\/\/www.ovesnasvacinka.cz\/en\/wp-json\/wp\/v2\/product_cat?post=956"},{"taxonomy":"product_tag","embeddable":true,"href":"https:\/\/www.ovesnasvacinka.cz\/en\/wp-json\/wp\/v2\/product_tag?post=956"}],"curies":[{"name":"wp","href":"https:\/\/api.w.org\/{rel}","templated":true}]}}