{"id":856,"date":"2023-04-03T09:41:42","date_gmt":"2023-04-03T09:41:42","guid":{"rendered":"https:\/\/www.ovesnasvacinka.cz\/?post_type=product&#038;p=856"},"modified":"2026-04-24T05:33:55","modified_gmt":"2026-04-24T05:33:55","slug":"ovesna-svacinka-fitneska-s-kokosem","status":"publish","type":"product","link":"https:\/\/www.ovesnasvacinka.cz\/en\/product\/ovesna-svacinka-fitneska-s-kokosem\/","title":{"rendered":"Karton Ovesn\u00e1 sva\u010dinka FITNESKA s kokosem"},"content":{"rendered":"<p><b>Ovesn\u00e1 sva\u010dinka Fitneska s kokosem<\/b><\/p>\n<p>Cere\u00e1lie ( <span style=\"text-decoration: underline;\">p\u0161eni\u010dn\u00e1<\/span> mouka, <span style=\"text-decoration: underline;\">ovesn\u00e9<\/span> vlo\u010dky 13%, <span style=\"text-decoration: underline;\">ovesn\u00e1<\/span> mouka, <span style=\"text-decoration: underline;\">\u0161paldov\u00e1<\/span> mouka), cukr, rostlinn\u00e9 tuky ( \u0159epkov\u00fd a palmov\u00fd), kakaov\u00fd pr\u00e1\u0161ek se sn\u00ed\u017een\u00fdm obsahem tuku min.3%, su\u0161en\u00fd kokos min. 4%, med min. 2%, <span style=\"text-decoration: underline;\">gluk\u00f3zovo<\/span>-frukt\u00f3zov\u00fd sirup, <span style=\"text-decoration: underline;\">s\u00f3jov\u00e1<\/span> mouka, kyp\u0159\u00edc\u00ed l\u00e1tky (hydrogenuhli\u010ditan amonn\u00fd, hydrogenuhli\u010ditan sodn\u00fd), emulg\u00e1tor: mono-a diglyceridy mastn\u00fdch kyselin, jedl\u00e1 s\u016fl, regul\u00e1tor kyselosti: kyselina citr\u00f3nov\u00e1, aroma. Bez konzervant\u016f a um\u011bl\u00fdch barviv. V\u00fdrobek m\u016f\u017ee obsahovat <span style=\"text-decoration: underline;\">ml\u00e9ko, ara\u0161\u00eddy, sezam a jin\u00e9 sko\u0159\u00e1pkov\u00e9 plody.<\/span><\/p>\n<p><b>V\u00fd\u017eivov\u00e9 hodnoty \/ V\u00fd\u017eivov\u00e1 hodnota na 100 g v\u00fdrobku:<\/b><\/p>\n<p>Energetick\u00e1 hodnota \/ Energetick\u00e1 hodnota: 1955 kJ \/ 467 kcal<br \/>\nTuky \/ Tuky: 18,8 g\u00a0 z toho nasycen\u00e9 mastn\u00e9 kyseliny \/ z toho nas\u00fdten\u00e9 mastn\u00e9 kyseliny 6,4 g<br \/>\nSacharidy \/ Sacharidy: 65 g \u00a0z toho cukry \/ z toho cukry 23 g<br \/>\nVl\u00e1knina \/ Vl\u00e1knina: 2,8 g<br \/>\nB\u00edlkoviny \/ Bielkoviny: 7,7 g<br \/>\nS\u016fl \/ So\u013e: 0,3 g<\/p>\n<p>&nbsp;<\/p>","protected":false},"excerpt":{"rendered":"<p>Produkt obsahuje karton s 35 kusy. Cena jednoho kusu je 5,7 K\u010d.<\/p>","protected":false},"featured_media":855,"comment_status":"open","ping_status":"closed","template":"","meta":{"_monsterinsights_skip_tracking":false,"_monsterinsights_sitenote_active":false,"_monsterinsights_sitenote_note":"","_monsterinsights_sitenote_category":0},"product_brand":[],"product_cat":[27,18],"product_tag":[],"class_list":{"0":"post-856","1":"product","2":"type-product","3":"status-publish","4":"has-post-thumbnail","6":"product_cat-fitneska","7":"product_cat-ovesna-svacinka","9":"first","10":"instock","11":"shipping-taxable","12":"purchasable","13":"product-type-simple"},"yoast_head":"<!-- This site is optimized with the Yoast SEO plugin v25.3 - https:\/\/yoast.com\/wordpress\/plugins\/seo\/ -->\n<title>Karton Ovesn\u00e1 sva\u010dinka FITNESKA s kokosem | Ovesn\u00e1 Sva\u010dinka<\/title>\n<meta name=\"description\" content=\"Produkt obsahuje karton s 35 kusy. Cena jednoho kusu je 5,7 K\u010d.\" \/>\n<meta name=\"robots\" content=\"index, follow, max-snippet:-1, max-image-preview:large, max-video-preview:-1\" \/>\n<link rel=\"canonical\" href=\"https:\/\/www.ovesnasvacinka.cz\/en\/product\/ovesna-svacinka-fitneska-s-kokosem\/\" \/>\n<meta property=\"og:locale\" content=\"en_US\" \/>\n<meta property=\"og:type\" content=\"article\" \/>\n<meta property=\"og:title\" content=\"Karton Ovesn\u00e1 sva\u010dinka FITNESKA s kokosem | Ovesn\u00e1 Sva\u010dinka\" \/>\n<meta property=\"og:description\" content=\"Produkt obsahuje karton s 35 kusy. Cena jednoho kusu je 5,7 K\u010d.\" \/>\n<meta property=\"og:url\" content=\"https:\/\/www.ovesnasvacinka.cz\/en\/product\/ovesna-svacinka-fitneska-s-kokosem\/\" \/>\n<meta property=\"og:site_name\" content=\"Ovesn\u00e1 Sva\u010dinka\" \/>\n<meta property=\"article:publisher\" content=\"https:\/\/www.facebook.com\/profile.php?id=100086741557523\" \/>\n<meta property=\"article:modified_time\" content=\"2026-04-24T05:33:55+00:00\" \/>\n<meta property=\"og:image\" content=\"https:\/\/www.ovesnasvacinka.cz\/wp-content\/uploads\/2023\/04\/fitneska_s_kokosem.jpg\" \/>\n\t<meta property=\"og:image:width\" content=\"800\" \/>\n\t<meta property=\"og:image:height\" content=\"766\" \/>\n\t<meta property=\"og:image:type\" content=\"image\/jpeg\" \/>\n<meta name=\"twitter:card\" content=\"summary_large_image\" \/>\n<meta name=\"twitter:label1\" content=\"Est. reading time\" \/>\n\t<meta name=\"twitter:data1\" content=\"1 minute\" \/>\n<script type=\"application\/ld+json\" class=\"yoast-schema-graph\">{\"@context\":\"https:\/\/schema.org\",\"@graph\":[{\"@type\":\"WebPage\",\"@id\":\"https:\/\/www.ovesnasvacinka.cz\/product\/ovesna-svacinka-fitneska-s-kokosem\/\",\"url\":\"https:\/\/www.ovesnasvacinka.cz\/product\/ovesna-svacinka-fitneska-s-kokosem\/\",\"name\":\"Karton Ovesn\u00e1 sva\u010dinka FITNESKA s kokosem | Ovesn\u00e1 Sva\u010dinka\",\"isPartOf\":{\"@id\":\"https:\/\/www.ovesnasvacinka.cz\/#website\"},\"primaryImageOfPage\":{\"@id\":\"https:\/\/www.ovesnasvacinka.cz\/product\/ovesna-svacinka-fitneska-s-kokosem\/#primaryimage\"},\"image\":{\"@id\":\"https:\/\/www.ovesnasvacinka.cz\/product\/ovesna-svacinka-fitneska-s-kokosem\/#primaryimage\"},\"thumbnailUrl\":\"https:\/\/www.ovesnasvacinka.cz\/wp-content\/uploads\/2023\/04\/fitneska_s_kokosem.jpg\",\"datePublished\":\"2023-04-03T09:41:42+00:00\",\"dateModified\":\"2026-04-24T05:33:55+00:00\",\"description\":\"Produkt obsahuje karton s 35 kusy. Cena jednoho kusu je 5,7 K\u010d.\",\"breadcrumb\":{\"@id\":\"https:\/\/www.ovesnasvacinka.cz\/product\/ovesna-svacinka-fitneska-s-kokosem\/#breadcrumb\"},\"inLanguage\":\"en-US\",\"potentialAction\":[{\"@type\":\"ReadAction\",\"target\":[\"https:\/\/www.ovesnasvacinka.cz\/product\/ovesna-svacinka-fitneska-s-kokosem\/\"]}]},{\"@type\":\"ImageObject\",\"inLanguage\":\"en-US\",\"@id\":\"https:\/\/www.ovesnasvacinka.cz\/product\/ovesna-svacinka-fitneska-s-kokosem\/#primaryimage\",\"url\":\"https:\/\/www.ovesnasvacinka.cz\/wp-content\/uploads\/2023\/04\/fitneska_s_kokosem.jpg\",\"contentUrl\":\"https:\/\/www.ovesnasvacinka.cz\/wp-content\/uploads\/2023\/04\/fitneska_s_kokosem.jpg\",\"width\":800,\"height\":766},{\"@type\":\"BreadcrumbList\",\"@id\":\"https:\/\/www.ovesnasvacinka.cz\/product\/ovesna-svacinka-fitneska-s-kokosem\/#breadcrumb\",\"itemListElement\":[{\"@type\":\"ListItem\",\"position\":1,\"name\":\"Home\",\"item\":\"https:\/\/www.ovesnasvacinka.cz\/\"},{\"@type\":\"ListItem\",\"position\":2,\"name\":\"Shop\",\"item\":\"https:\/\/www.ovesnasvacinka.cz\/shop\/\"},{\"@type\":\"ListItem\",\"position\":3,\"name\":\"Karton Ovesn\u00e1 sva\u010dinka FITNESKA s kokosem\"}]},{\"@type\":\"WebSite\",\"@id\":\"https:\/\/www.ovesnasvacinka.cz\/#website\",\"url\":\"https:\/\/www.ovesnasvacinka.cz\/\",\"name\":\"Ovesn\u00e1 Sva\u010dinka\",\"description\":\"Sva\u010dinka pro ka\u017edou p\u0159\u00edle\u017eitost\",\"publisher\":{\"@id\":\"https:\/\/www.ovesnasvacinka.cz\/#organization\"},\"potentialAction\":[{\"@type\":\"SearchAction\",\"target\":{\"@type\":\"EntryPoint\",\"urlTemplate\":\"https:\/\/www.ovesnasvacinka.cz\/?s={search_term_string}\"},\"query-input\":{\"@type\":\"PropertyValueSpecification\",\"valueRequired\":true,\"valueName\":\"search_term_string\"}}],\"inLanguage\":\"en-US\"},{\"@type\":\"Organization\",\"@id\":\"https:\/\/www.ovesnasvacinka.cz\/#organization\",\"name\":\"Ovesn\u00e1 Sva\u010dinka\",\"url\":\"https:\/\/www.ovesnasvacinka.cz\/\",\"logo\":{\"@type\":\"ImageObject\",\"inLanguage\":\"en-US\",\"@id\":\"https:\/\/www.ovesnasvacinka.cz\/#\/schema\/logo\/image\/\",\"url\":\"https:\/\/www.ovesnasvacinka.cz\/wp-content\/uploads\/2022\/09\/logo_ok.png\",\"contentUrl\":\"https:\/\/www.ovesnasvacinka.cz\/wp-content\/uploads\/2022\/09\/logo_ok.png\",\"width\":704,\"height\":159,\"caption\":\"Ovesn\u00e1 Sva\u010dinka\"},\"image\":{\"@id\":\"https:\/\/www.ovesnasvacinka.cz\/#\/schema\/logo\/image\/\"},\"sameAs\":[\"https:\/\/www.facebook.com\/profile.php?id=100086741557523\",\"https:\/\/www.instagram.com\/ovesnasvacinka\/\"]}]}<\/script>\n<!-- \/ Yoast SEO plugin. -->","yoast_head_json":{"title":"Karton Ovesn\u00e1 sva\u010dinka FITNESKA s kokosem | Ovesn\u00e1 Sva\u010dinka","description":"Produkt obsahuje karton s 35 kusy. Cena jednoho kusu je 5,7 K\u010d.","robots":{"index":"index","follow":"follow","max-snippet":"max-snippet:-1","max-image-preview":"max-image-preview:large","max-video-preview":"max-video-preview:-1"},"canonical":"https:\/\/www.ovesnasvacinka.cz\/en\/product\/ovesna-svacinka-fitneska-s-kokosem\/","og_locale":"en_US","og_type":"article","og_title":"Karton Ovesn\u00e1 sva\u010dinka FITNESKA s kokosem | Ovesn\u00e1 Sva\u010dinka","og_description":"Produkt obsahuje karton s 35 kusy. Cena jednoho kusu je 5,7 K\u010d.","og_url":"https:\/\/www.ovesnasvacinka.cz\/en\/product\/ovesna-svacinka-fitneska-s-kokosem\/","og_site_name":"Ovesn\u00e1 Sva\u010dinka","article_publisher":"https:\/\/www.facebook.com\/profile.php?id=100086741557523","article_modified_time":"2026-04-24T05:33:55+00:00","og_image":[{"width":800,"height":766,"url":"https:\/\/www.ovesnasvacinka.cz\/wp-content\/uploads\/2023\/04\/fitneska_s_kokosem.jpg","type":"image\/jpeg"}],"twitter_card":"summary_large_image","twitter_misc":{"Est. reading time":"1 minute"},"schema":{"@context":"https:\/\/schema.org","@graph":[{"@type":"WebPage","@id":"https:\/\/www.ovesnasvacinka.cz\/product\/ovesna-svacinka-fitneska-s-kokosem\/","url":"https:\/\/www.ovesnasvacinka.cz\/product\/ovesna-svacinka-fitneska-s-kokosem\/","name":"Karton Ovesn\u00e1 sva\u010dinka FITNESKA s kokosem | Ovesn\u00e1 Sva\u010dinka","isPartOf":{"@id":"https:\/\/www.ovesnasvacinka.cz\/#website"},"primaryImageOfPage":{"@id":"https:\/\/www.ovesnasvacinka.cz\/product\/ovesna-svacinka-fitneska-s-kokosem\/#primaryimage"},"image":{"@id":"https:\/\/www.ovesnasvacinka.cz\/product\/ovesna-svacinka-fitneska-s-kokosem\/#primaryimage"},"thumbnailUrl":"https:\/\/www.ovesnasvacinka.cz\/wp-content\/uploads\/2023\/04\/fitneska_s_kokosem.jpg","datePublished":"2023-04-03T09:41:42+00:00","dateModified":"2026-04-24T05:33:55+00:00","description":"Produkt obsahuje karton s 35 kusy. Cena jednoho kusu je 5,7 K\u010d.","breadcrumb":{"@id":"https:\/\/www.ovesnasvacinka.cz\/product\/ovesna-svacinka-fitneska-s-kokosem\/#breadcrumb"},"inLanguage":"en-US","potentialAction":[{"@type":"ReadAction","target":["https:\/\/www.ovesnasvacinka.cz\/product\/ovesna-svacinka-fitneska-s-kokosem\/"]}]},{"@type":"ImageObject","inLanguage":"en-US","@id":"https:\/\/www.ovesnasvacinka.cz\/product\/ovesna-svacinka-fitneska-s-kokosem\/#primaryimage","url":"https:\/\/www.ovesnasvacinka.cz\/wp-content\/uploads\/2023\/04\/fitneska_s_kokosem.jpg","contentUrl":"https:\/\/www.ovesnasvacinka.cz\/wp-content\/uploads\/2023\/04\/fitneska_s_kokosem.jpg","width":800,"height":766},{"@type":"BreadcrumbList","@id":"https:\/\/www.ovesnasvacinka.cz\/product\/ovesna-svacinka-fitneska-s-kokosem\/#breadcrumb","itemListElement":[{"@type":"ListItem","position":1,"name":"Home","item":"https:\/\/www.ovesnasvacinka.cz\/"},{"@type":"ListItem","position":2,"name":"Shop","item":"https:\/\/www.ovesnasvacinka.cz\/shop\/"},{"@type":"ListItem","position":3,"name":"Karton Ovesn\u00e1 sva\u010dinka FITNESKA s kokosem"}]},{"@type":"WebSite","@id":"https:\/\/www.ovesnasvacinka.cz\/#website","url":"https:\/\/www.ovesnasvacinka.cz\/","name":"Ovesn\u00e1 Sva\u010dinka","description":"Sva\u010dinka pro ka\u017edou p\u0159\u00edle\u017eitost","publisher":{"@id":"https:\/\/www.ovesnasvacinka.cz\/#organization"},"potentialAction":[{"@type":"SearchAction","target":{"@type":"EntryPoint","urlTemplate":"https:\/\/www.ovesnasvacinka.cz\/?s={search_term_string}"},"query-input":{"@type":"PropertyValueSpecification","valueRequired":true,"valueName":"search_term_string"}}],"inLanguage":"en-US"},{"@type":"Organization","@id":"https:\/\/www.ovesnasvacinka.cz\/#organization","name":"Ovesn\u00e1 Sva\u010dinka","url":"https:\/\/www.ovesnasvacinka.cz\/","logo":{"@type":"ImageObject","inLanguage":"en-US","@id":"https:\/\/www.ovesnasvacinka.cz\/#\/schema\/logo\/image\/","url":"https:\/\/www.ovesnasvacinka.cz\/wp-content\/uploads\/2022\/09\/logo_ok.png","contentUrl":"https:\/\/www.ovesnasvacinka.cz\/wp-content\/uploads\/2022\/09\/logo_ok.png","width":704,"height":159,"caption":"Ovesn\u00e1 Sva\u010dinka"},"image":{"@id":"https:\/\/www.ovesnasvacinka.cz\/#\/schema\/logo\/image\/"},"sameAs":["https:\/\/www.facebook.com\/profile.php?id=100086741557523","https:\/\/www.instagram.com\/ovesnasvacinka\/"]}]}},"_links":{"self":[{"href":"https:\/\/www.ovesnasvacinka.cz\/en\/wp-json\/wp\/v2\/product\/856","targetHints":{"allow":["GET"]}}],"collection":[{"href":"https:\/\/www.ovesnasvacinka.cz\/en\/wp-json\/wp\/v2\/product"}],"about":[{"href":"https:\/\/www.ovesnasvacinka.cz\/en\/wp-json\/wp\/v2\/types\/product"}],"replies":[{"embeddable":true,"href":"https:\/\/www.ovesnasvacinka.cz\/en\/wp-json\/wp\/v2\/comments?post=856"}],"wp:featuredmedia":[{"embeddable":true,"href":"https:\/\/www.ovesnasvacinka.cz\/en\/wp-json\/wp\/v2\/media\/855"}],"wp:attachment":[{"href":"https:\/\/www.ovesnasvacinka.cz\/en\/wp-json\/wp\/v2\/media?parent=856"}],"wp:term":[{"taxonomy":"product_brand","embeddable":true,"href":"https:\/\/www.ovesnasvacinka.cz\/en\/wp-json\/wp\/v2\/product_brand?post=856"},{"taxonomy":"product_cat","embeddable":true,"href":"https:\/\/www.ovesnasvacinka.cz\/en\/wp-json\/wp\/v2\/product_cat?post=856"},{"taxonomy":"product_tag","embeddable":true,"href":"https:\/\/www.ovesnasvacinka.cz\/en\/wp-json\/wp\/v2\/product_tag?post=856"}],"curies":[{"name":"wp","href":"https:\/\/api.w.org\/{rel}","templated":true}]}}