{"id":470,"date":"2022-08-31T11:47:45","date_gmt":"2022-08-31T11:47:45","guid":{"rendered":"https:\/\/www.ovesnasvacinka.cz\/?post_type=product&#038;p=470"},"modified":"2026-02-16T17:42:08","modified_gmt":"2026-02-16T17:42:08","slug":"takerun-s-kokosem","status":"publish","type":"product","link":"https:\/\/www.ovesnasvacinka.cz\/en\/product\/takerun-s-kokosem\/","title":{"rendered":"Karton Take&#038;Run s kokosem"},"content":{"rendered":"<p><strong>Take &amp; Run 50g ovesn\u00e9\u00a0 su\u0161enky s kokosem, polom\u00e1\u010den\u00e9.<\/strong><\/p>\n<p>Slo\u017een\u00ed: Cere\u00e1lie min. 25% (p\u0161eni\u010dn\u00e1 m\u00faka, ovsen\u00e9 vlo\u010dky, ovsen\u00e1 m\u00faka), cukor, rastlinn\u00e9 tuky (nestu\u017een\u00fd palmov\u00fd, palmojadrov\u00fd, shea), kokos min. 5%, kakao v pr\u00e1\u0161ku so zn\u00ed\u017een\u00fdm mno\u017estvom tuku, srv\u00e1tka v pr\u00e1\u0161ku z mlieka,kypriace l\u00e1tky(hydrog\u00e9nuhli\u010ditan am\u00f3nny, hydrog\u00e9nuhli\u010ditan sodn\u00fd), emulg\u00e1tory ( slne\u010dnicov\u00fd lecit\u00edn, sojov\u00fd lecit\u00edn, E476), jedl\u00e1 so\u013e, vanil\u00edn, ar\u00f3ma. Poleva min. 20%. V\u00fdrobok m\u00f4\u017ee obsahova\u0165 ara\u0161idy, sezam.<\/p>\n<p><strong>V\u00fd\u017eivov\u00e9 hodnoty\/ V\u00fd\u017eivov\u00e1 hodnota na 100 g v\u00fdrobku:<\/strong><\/p>\n<p>Energetick\u00e1 hodnota \/ Energetick\u00e1 hodnota: 2173kJ \/ 520 kcal<br \/>\nTuky \/ Tuky: 28,67 g z toho nasycen\u00e9 mastn\u00e9 kyseliny \/ z toho nas\u00fdten\u00e9 mastn\u00e9 kyseliny 17,52g<br \/>\nSacharidy \/ Sacharidy: 59,00g z toho cukry \/ z toho cukry 37,1g<br \/>\nVl\u00e1knina \/ Vl\u00e1knina: 2,88g<br \/>\nB\u00edlkoviny \/ Bielkoviny: 5,06g<br \/>\nS\u016fl \/ So\u013e: 0,35g<\/p>","protected":false},"excerpt":{"rendered":"<p>Take &amp; Run ovesn\u00e9 su\u0161enky s kokosem, polom\u00e1\u010den\u00e9.<\/p>\n<p>Balen\u00ed obsahuje 20 kus\u016f s hmotnost\u00ed jednoho kusu 50g.<br \/>\nCena jednoho kusu je 7,95 K\u010d.<\/p>","protected":false},"featured_media":471,"comment_status":"open","ping_status":"closed","template":"","meta":{"_monsterinsights_skip_tracking":false,"_monsterinsights_sitenote_active":false,"_monsterinsights_sitenote_note":"","_monsterinsights_sitenote_category":0},"product_brand":[],"product_cat":[25],"product_tag":[],"class_list":{"0":"post-470","1":"product","2":"type-product","3":"status-publish","4":"has-post-thumbnail","6":"product_cat-takerun","8":"first","9":"instock","10":"shipping-taxable","11":"purchasable","12":"product-type-simple"},"yoast_head":"<!-- This site is optimized with the Yoast SEO plugin v25.3 - https:\/\/yoast.com\/wordpress\/plugins\/seo\/ -->\n<title>Karton Take&amp;Run s kokosem | Ovesn\u00e1 Sva\u010dinka<\/title>\n<meta name=\"description\" content=\"Take &amp; Run ovesn\u00e9 su\u0161enky s kokosem, polom\u00e1\u010den\u00e9.  Balen\u00ed obsahuje 20 kus\u016f s hmotnost\u00ed jednoho kusu 50g. Cena jednoho kusu je 7,95 K\u010d.\" \/>\n<meta name=\"robots\" content=\"index, follow, max-snippet:-1, max-image-preview:large, max-video-preview:-1\" \/>\n<link rel=\"canonical\" href=\"https:\/\/www.ovesnasvacinka.cz\/en\/product\/takerun-s-kokosem\/\" \/>\n<meta property=\"og:locale\" content=\"en_US\" \/>\n<meta property=\"og:type\" content=\"article\" \/>\n<meta property=\"og:title\" content=\"Karton Take&amp;Run s kokosem | Ovesn\u00e1 Sva\u010dinka\" \/>\n<meta property=\"og:description\" content=\"Take &amp; Run ovesn\u00e9 su\u0161enky s kokosem, polom\u00e1\u010den\u00e9.  Balen\u00ed obsahuje 20 kus\u016f s hmotnost\u00ed jednoho kusu 50g. Cena jednoho kusu je 7,95 K\u010d.\" \/>\n<meta property=\"og:url\" content=\"https:\/\/www.ovesnasvacinka.cz\/en\/product\/takerun-s-kokosem\/\" \/>\n<meta property=\"og:site_name\" content=\"Ovesn\u00e1 Sva\u010dinka\" \/>\n<meta property=\"article:publisher\" content=\"https:\/\/www.facebook.com\/profile.php?id=100086741557523\" \/>\n<meta property=\"article:modified_time\" content=\"2026-02-16T17:42:08+00:00\" \/>\n<meta property=\"og:image\" content=\"https:\/\/www.ovesnasvacinka.cz\/wp-content\/uploads\/2022\/08\/tandr_kokos.jpg\" \/>\n\t<meta property=\"og:image:width\" content=\"800\" \/>\n\t<meta property=\"og:image:height\" content=\"766\" \/>\n\t<meta property=\"og:image:type\" content=\"image\/jpeg\" \/>\n<meta name=\"twitter:card\" content=\"summary_large_image\" \/>\n<meta name=\"twitter:label1\" content=\"Est. reading time\" \/>\n\t<meta name=\"twitter:data1\" content=\"1 minute\" \/>\n<script type=\"application\/ld+json\" class=\"yoast-schema-graph\">{\"@context\":\"https:\/\/schema.org\",\"@graph\":[{\"@type\":\"WebPage\",\"@id\":\"https:\/\/www.ovesnasvacinka.cz\/product\/takerun-s-kokosem\/\",\"url\":\"https:\/\/www.ovesnasvacinka.cz\/product\/takerun-s-kokosem\/\",\"name\":\"Karton Take&Run s kokosem | Ovesn\u00e1 Sva\u010dinka\",\"isPartOf\":{\"@id\":\"https:\/\/www.ovesnasvacinka.cz\/#website\"},\"primaryImageOfPage\":{\"@id\":\"https:\/\/www.ovesnasvacinka.cz\/product\/takerun-s-kokosem\/#primaryimage\"},\"image\":{\"@id\":\"https:\/\/www.ovesnasvacinka.cz\/product\/takerun-s-kokosem\/#primaryimage\"},\"thumbnailUrl\":\"https:\/\/www.ovesnasvacinka.cz\/wp-content\/uploads\/2022\/08\/tandr_kokos.jpg\",\"datePublished\":\"2022-08-31T11:47:45+00:00\",\"dateModified\":\"2026-02-16T17:42:08+00:00\",\"description\":\"Take &amp; Run ovesn\u00e9 su\u0161enky s kokosem, polom\u00e1\u010den\u00e9. Balen\u00ed obsahuje 20 kus\u016f s hmotnost\u00ed jednoho kusu 50g. Cena jednoho kusu je 7,95 K\u010d.\",\"breadcrumb\":{\"@id\":\"https:\/\/www.ovesnasvacinka.cz\/product\/takerun-s-kokosem\/#breadcrumb\"},\"inLanguage\":\"en-US\",\"potentialAction\":[{\"@type\":\"ReadAction\",\"target\":[\"https:\/\/www.ovesnasvacinka.cz\/product\/takerun-s-kokosem\/\"]}]},{\"@type\":\"ImageObject\",\"inLanguage\":\"en-US\",\"@id\":\"https:\/\/www.ovesnasvacinka.cz\/product\/takerun-s-kokosem\/#primaryimage\",\"url\":\"https:\/\/www.ovesnasvacinka.cz\/wp-content\/uploads\/2022\/08\/tandr_kokos.jpg\",\"contentUrl\":\"https:\/\/www.ovesnasvacinka.cz\/wp-content\/uploads\/2022\/08\/tandr_kokos.jpg\",\"width\":800,\"height\":766},{\"@type\":\"BreadcrumbList\",\"@id\":\"https:\/\/www.ovesnasvacinka.cz\/product\/takerun-s-kokosem\/#breadcrumb\",\"itemListElement\":[{\"@type\":\"ListItem\",\"position\":1,\"name\":\"Home\",\"item\":\"https:\/\/www.ovesnasvacinka.cz\/\"},{\"@type\":\"ListItem\",\"position\":2,\"name\":\"Shop\",\"item\":\"https:\/\/www.ovesnasvacinka.cz\/shop\/\"},{\"@type\":\"ListItem\",\"position\":3,\"name\":\"Karton Take&#038;Run s kokosem\"}]},{\"@type\":\"WebSite\",\"@id\":\"https:\/\/www.ovesnasvacinka.cz\/#website\",\"url\":\"https:\/\/www.ovesnasvacinka.cz\/\",\"name\":\"Ovesn\u00e1 Sva\u010dinka\",\"description\":\"Sva\u010dinka pro ka\u017edou p\u0159\u00edle\u017eitost\",\"publisher\":{\"@id\":\"https:\/\/www.ovesnasvacinka.cz\/#organization\"},\"potentialAction\":[{\"@type\":\"SearchAction\",\"target\":{\"@type\":\"EntryPoint\",\"urlTemplate\":\"https:\/\/www.ovesnasvacinka.cz\/?s={search_term_string}\"},\"query-input\":{\"@type\":\"PropertyValueSpecification\",\"valueRequired\":true,\"valueName\":\"search_term_string\"}}],\"inLanguage\":\"en-US\"},{\"@type\":\"Organization\",\"@id\":\"https:\/\/www.ovesnasvacinka.cz\/#organization\",\"name\":\"Ovesn\u00e1 Sva\u010dinka\",\"url\":\"https:\/\/www.ovesnasvacinka.cz\/\",\"logo\":{\"@type\":\"ImageObject\",\"inLanguage\":\"en-US\",\"@id\":\"https:\/\/www.ovesnasvacinka.cz\/#\/schema\/logo\/image\/\",\"url\":\"https:\/\/www.ovesnasvacinka.cz\/wp-content\/uploads\/2022\/09\/logo_ok.png\",\"contentUrl\":\"https:\/\/www.ovesnasvacinka.cz\/wp-content\/uploads\/2022\/09\/logo_ok.png\",\"width\":704,\"height\":159,\"caption\":\"Ovesn\u00e1 Sva\u010dinka\"},\"image\":{\"@id\":\"https:\/\/www.ovesnasvacinka.cz\/#\/schema\/logo\/image\/\"},\"sameAs\":[\"https:\/\/www.facebook.com\/profile.php?id=100086741557523\",\"https:\/\/www.instagram.com\/ovesnasvacinka\/\"]}]}<\/script>\n<!-- \/ Yoast SEO plugin. -->","yoast_head_json":{"title":"Karton Take&Run s kokosem | Ovesn\u00e1 Sva\u010dinka","description":"Take &amp; Run ovesn\u00e9 su\u0161enky s kokosem, polom\u00e1\u010den\u00e9.  Balen\u00ed obsahuje 20 kus\u016f s hmotnost\u00ed jednoho kusu 50g. Cena jednoho kusu je 7,95 K\u010d.","robots":{"index":"index","follow":"follow","max-snippet":"max-snippet:-1","max-image-preview":"max-image-preview:large","max-video-preview":"max-video-preview:-1"},"canonical":"https:\/\/www.ovesnasvacinka.cz\/en\/product\/takerun-s-kokosem\/","og_locale":"en_US","og_type":"article","og_title":"Karton Take&Run s kokosem | Ovesn\u00e1 Sva\u010dinka","og_description":"Take &amp; Run ovesn\u00e9 su\u0161enky s kokosem, polom\u00e1\u010den\u00e9.  Balen\u00ed obsahuje 20 kus\u016f s hmotnost\u00ed jednoho kusu 50g. Cena jednoho kusu je 7,95 K\u010d.","og_url":"https:\/\/www.ovesnasvacinka.cz\/en\/product\/takerun-s-kokosem\/","og_site_name":"Ovesn\u00e1 Sva\u010dinka","article_publisher":"https:\/\/www.facebook.com\/profile.php?id=100086741557523","article_modified_time":"2026-02-16T17:42:08+00:00","og_image":[{"width":800,"height":766,"url":"https:\/\/www.ovesnasvacinka.cz\/wp-content\/uploads\/2022\/08\/tandr_kokos.jpg","type":"image\/jpeg"}],"twitter_card":"summary_large_image","twitter_misc":{"Est. reading time":"1 minute"},"schema":{"@context":"https:\/\/schema.org","@graph":[{"@type":"WebPage","@id":"https:\/\/www.ovesnasvacinka.cz\/product\/takerun-s-kokosem\/","url":"https:\/\/www.ovesnasvacinka.cz\/product\/takerun-s-kokosem\/","name":"Karton Take&Run s kokosem | Ovesn\u00e1 Sva\u010dinka","isPartOf":{"@id":"https:\/\/www.ovesnasvacinka.cz\/#website"},"primaryImageOfPage":{"@id":"https:\/\/www.ovesnasvacinka.cz\/product\/takerun-s-kokosem\/#primaryimage"},"image":{"@id":"https:\/\/www.ovesnasvacinka.cz\/product\/takerun-s-kokosem\/#primaryimage"},"thumbnailUrl":"https:\/\/www.ovesnasvacinka.cz\/wp-content\/uploads\/2022\/08\/tandr_kokos.jpg","datePublished":"2022-08-31T11:47:45+00:00","dateModified":"2026-02-16T17:42:08+00:00","description":"Take &amp; Run ovesn\u00e9 su\u0161enky s kokosem, polom\u00e1\u010den\u00e9. Balen\u00ed obsahuje 20 kus\u016f s hmotnost\u00ed jednoho kusu 50g. Cena jednoho kusu je 7,95 K\u010d.","breadcrumb":{"@id":"https:\/\/www.ovesnasvacinka.cz\/product\/takerun-s-kokosem\/#breadcrumb"},"inLanguage":"en-US","potentialAction":[{"@type":"ReadAction","target":["https:\/\/www.ovesnasvacinka.cz\/product\/takerun-s-kokosem\/"]}]},{"@type":"ImageObject","inLanguage":"en-US","@id":"https:\/\/www.ovesnasvacinka.cz\/product\/takerun-s-kokosem\/#primaryimage","url":"https:\/\/www.ovesnasvacinka.cz\/wp-content\/uploads\/2022\/08\/tandr_kokos.jpg","contentUrl":"https:\/\/www.ovesnasvacinka.cz\/wp-content\/uploads\/2022\/08\/tandr_kokos.jpg","width":800,"height":766},{"@type":"BreadcrumbList","@id":"https:\/\/www.ovesnasvacinka.cz\/product\/takerun-s-kokosem\/#breadcrumb","itemListElement":[{"@type":"ListItem","position":1,"name":"Home","item":"https:\/\/www.ovesnasvacinka.cz\/"},{"@type":"ListItem","position":2,"name":"Shop","item":"https:\/\/www.ovesnasvacinka.cz\/shop\/"},{"@type":"ListItem","position":3,"name":"Karton Take&#038;Run s kokosem"}]},{"@type":"WebSite","@id":"https:\/\/www.ovesnasvacinka.cz\/#website","url":"https:\/\/www.ovesnasvacinka.cz\/","name":"Ovesn\u00e1 Sva\u010dinka","description":"Sva\u010dinka pro ka\u017edou p\u0159\u00edle\u017eitost","publisher":{"@id":"https:\/\/www.ovesnasvacinka.cz\/#organization"},"potentialAction":[{"@type":"SearchAction","target":{"@type":"EntryPoint","urlTemplate":"https:\/\/www.ovesnasvacinka.cz\/?s={search_term_string}"},"query-input":{"@type":"PropertyValueSpecification","valueRequired":true,"valueName":"search_term_string"}}],"inLanguage":"en-US"},{"@type":"Organization","@id":"https:\/\/www.ovesnasvacinka.cz\/#organization","name":"Ovesn\u00e1 Sva\u010dinka","url":"https:\/\/www.ovesnasvacinka.cz\/","logo":{"@type":"ImageObject","inLanguage":"en-US","@id":"https:\/\/www.ovesnasvacinka.cz\/#\/schema\/logo\/image\/","url":"https:\/\/www.ovesnasvacinka.cz\/wp-content\/uploads\/2022\/09\/logo_ok.png","contentUrl":"https:\/\/www.ovesnasvacinka.cz\/wp-content\/uploads\/2022\/09\/logo_ok.png","width":704,"height":159,"caption":"Ovesn\u00e1 Sva\u010dinka"},"image":{"@id":"https:\/\/www.ovesnasvacinka.cz\/#\/schema\/logo\/image\/"},"sameAs":["https:\/\/www.facebook.com\/profile.php?id=100086741557523","https:\/\/www.instagram.com\/ovesnasvacinka\/"]}]}},"_links":{"self":[{"href":"https:\/\/www.ovesnasvacinka.cz\/en\/wp-json\/wp\/v2\/product\/470","targetHints":{"allow":["GET"]}}],"collection":[{"href":"https:\/\/www.ovesnasvacinka.cz\/en\/wp-json\/wp\/v2\/product"}],"about":[{"href":"https:\/\/www.ovesnasvacinka.cz\/en\/wp-json\/wp\/v2\/types\/product"}],"replies":[{"embeddable":true,"href":"https:\/\/www.ovesnasvacinka.cz\/en\/wp-json\/wp\/v2\/comments?post=470"}],"wp:featuredmedia":[{"embeddable":true,"href":"https:\/\/www.ovesnasvacinka.cz\/en\/wp-json\/wp\/v2\/media\/471"}],"wp:attachment":[{"href":"https:\/\/www.ovesnasvacinka.cz\/en\/wp-json\/wp\/v2\/media?parent=470"}],"wp:term":[{"taxonomy":"product_brand","embeddable":true,"href":"https:\/\/www.ovesnasvacinka.cz\/en\/wp-json\/wp\/v2\/product_brand?post=470"},{"taxonomy":"product_cat","embeddable":true,"href":"https:\/\/www.ovesnasvacinka.cz\/en\/wp-json\/wp\/v2\/product_cat?post=470"},{"taxonomy":"product_tag","embeddable":true,"href":"https:\/\/www.ovesnasvacinka.cz\/en\/wp-json\/wp\/v2\/product_tag?post=470"}],"curies":[{"name":"wp","href":"https:\/\/api.w.org\/{rel}","templated":true}]}}