{"id":468,"date":"2022-08-31T11:44:32","date_gmt":"2022-08-31T11:44:32","guid":{"rendered":"https:\/\/www.ovesnasvacinka.cz\/?post_type=product&#038;p=468"},"modified":"2026-04-18T04:12:14","modified_gmt":"2026-04-18T04:12:14","slug":"takerun-s-kousky-cokolady","status":"publish","type":"product","link":"https:\/\/www.ovesnasvacinka.cz\/en\/product\/takerun-s-kousky-cokolady\/","title":{"rendered":"Karton Take&#038;Run s kousky \u010dokol\u00e1dy"},"content":{"rendered":"<p><strong>Take &amp; Run ovesn\u00e9 su\u0161enky s kousky \u010dokol\u00e1dy, polom\u00e1\u010den\u00e9 50g\u00a0<\/strong><\/p>\n<p>Slo\u017een\u00ed: Cere\u00e1lie min. 25% ( <span style=\"text-decoration: underline;\">p\u0161eni\u010dn\u00e1<\/span> mouka, <span style=\"text-decoration: underline;\">ovesn\u00e9<\/span> vlo\u010dky, <span style=\"text-decoration: underline;\">ovesn\u00e1<\/span> mouka), cukr, rostlinn\u00e9 tuky (neztu\u017een\u00fd palmov\u00fd, ztu\u017een\u00fd palmoj\u00e1drov\u00fd), kokos, kakao v pr\u00e1\u0161ku se sn\u00ed\u017een\u00fdm mno\u017estv\u00edm tuku, \u010dokol\u00e1dov\u00e9 dropsy min. 0,5%:[kakaov\u00e1 hmota, rostlinn\u00fd tuk ( palmov\u00fd, shea, ilipe, sal, kokum, mango), kakao v pr\u00e1\u0161ku se sn\u00ed\u017een\u00fdm mno\u017estv\u00edm tuku], kyp\u0159\u00edc\u00ed l\u00e1tky(hydrogenuhli\u010ditan amonn\u00fd, hydrogenuhli\u010ditan sodn\u00fd), emulg\u00e1tory ( slune\u010dnicov\u00fd lecitin, s\u00f3jov\u00fd lecitin, E476), jedl\u00e1 s\u016fl, vanilin, aroma. Poleva min. 20%. V\u00fdrobek m\u016f\u017ee obsahovat <span style=\"text-decoration: underline;\">ara\u0161\u00eddy, sezam<\/span>.<\/p>\n<p><strong>V\u00fd\u017eivov\u00e9 hodnoty\/ V\u00fd\u017eivov\u00e1 hodnota na 100 g v\u00fdrobku:<\/strong><\/p>\n<p>Energetick\u00e1 hodnota \/ Energetick\u00e1 hodnota: 2037kJ \/ 486kcal<br \/>\nTuky \/ Tuky:\u00a0 22,91 g\u00a0 \u00a0z toho nasycen\u00e9 mastn\u00e9 kyseliny \/ z toho nas\u00fdten\u00e9 mastn\u00e9 kyseliny 14,95g<br \/>\nSacharidy \/ Sacharidy: 63,30g\u00a0 z toho cukry \/ z toho cukry 35,8g<br \/>\nVl\u00e1knina \/ Vl\u00e1knina: 3,24g<br \/>\nB\u00edlkoviny \/ Bielkoviny: 5,14 g<br \/>\nS\u016fl \/ So\u013e: 0,38g<\/p>\n<p>&nbsp;<\/p>","protected":false},"excerpt":{"rendered":"<p>Take &amp; Run ovesn\u00e9 su\u0161enky s kousky \u010dokol\u00e1dy, polom\u00e1\u010den\u00e9.<\/p>\n<p>Balen\u00ed obsahuje 20 kus\u016f s hmotnost\u00ed jednoho kusu 50g.<br \/>\nCena jednoho kusu je 7,95 K\u010d.<\/p>\n<p>&nbsp;<\/p>","protected":false},"featured_media":469,"comment_status":"open","ping_status":"closed","template":"","meta":{"_monsterinsights_skip_tracking":false,"_monsterinsights_sitenote_active":false,"_monsterinsights_sitenote_note":"","_monsterinsights_sitenote_category":0},"product_brand":[],"product_cat":[25],"product_tag":[],"class_list":{"0":"post-468","1":"product","2":"type-product","3":"status-publish","4":"has-post-thumbnail","6":"product_cat-takerun","8":"first","9":"instock","10":"shipping-taxable","11":"purchasable","12":"product-type-simple"},"yoast_head":"<!-- This site is optimized with the Yoast SEO plugin v25.3 - https:\/\/yoast.com\/wordpress\/plugins\/seo\/ -->\n<title>Karton Take&amp;Run s kousky \u010dokol\u00e1dy | Ovesn\u00e1 Sva\u010dinka<\/title>\n<meta name=\"description\" content=\"Take &amp; Run ovesn\u00e9 su\u0161enky s kousky \u010dokol\u00e1dy, polom\u00e1\u010den\u00e9.  Balen\u00ed obsahuje 20 kus\u016f s hmotnost\u00ed jednoho kusu 50g. Cena jednoho kusu je 7,95 K\u010d.  &nbsp;\" \/>\n<meta name=\"robots\" content=\"index, follow, max-snippet:-1, max-image-preview:large, max-video-preview:-1\" \/>\n<link rel=\"canonical\" href=\"https:\/\/www.ovesnasvacinka.cz\/en\/product\/takerun-s-kousky-cokolady\/\" \/>\n<meta property=\"og:locale\" content=\"en_US\" \/>\n<meta property=\"og:type\" content=\"article\" \/>\n<meta property=\"og:title\" content=\"Karton Take&amp;Run s kousky \u010dokol\u00e1dy | Ovesn\u00e1 Sva\u010dinka\" \/>\n<meta property=\"og:description\" content=\"Take &amp; Run ovesn\u00e9 su\u0161enky s kousky \u010dokol\u00e1dy, polom\u00e1\u010den\u00e9.  Balen\u00ed obsahuje 20 kus\u016f s hmotnost\u00ed jednoho kusu 50g. Cena jednoho kusu je 7,95 K\u010d.  &nbsp;\" \/>\n<meta property=\"og:url\" content=\"https:\/\/www.ovesnasvacinka.cz\/en\/product\/takerun-s-kousky-cokolady\/\" \/>\n<meta property=\"og:site_name\" content=\"Ovesn\u00e1 Sva\u010dinka\" \/>\n<meta property=\"article:publisher\" content=\"https:\/\/www.facebook.com\/profile.php?id=100086741557523\" \/>\n<meta property=\"article:modified_time\" content=\"2026-04-18T04:12:14+00:00\" \/>\n<meta property=\"og:image\" content=\"https:\/\/www.ovesnasvacinka.cz\/wp-content\/uploads\/2022\/08\/tandr_coko.jpg\" \/>\n\t<meta property=\"og:image:width\" content=\"800\" \/>\n\t<meta property=\"og:image:height\" content=\"766\" \/>\n\t<meta property=\"og:image:type\" content=\"image\/jpeg\" \/>\n<meta name=\"twitter:card\" content=\"summary_large_image\" \/>\n<meta name=\"twitter:label1\" content=\"Est. reading time\" \/>\n\t<meta name=\"twitter:data1\" content=\"1 minute\" \/>\n<script type=\"application\/ld+json\" class=\"yoast-schema-graph\">{\"@context\":\"https:\/\/schema.org\",\"@graph\":[{\"@type\":\"WebPage\",\"@id\":\"https:\/\/www.ovesnasvacinka.cz\/product\/takerun-s-kousky-cokolady\/\",\"url\":\"https:\/\/www.ovesnasvacinka.cz\/product\/takerun-s-kousky-cokolady\/\",\"name\":\"Karton Take&Run s kousky \u010dokol\u00e1dy | Ovesn\u00e1 Sva\u010dinka\",\"isPartOf\":{\"@id\":\"https:\/\/www.ovesnasvacinka.cz\/#website\"},\"primaryImageOfPage\":{\"@id\":\"https:\/\/www.ovesnasvacinka.cz\/product\/takerun-s-kousky-cokolady\/#primaryimage\"},\"image\":{\"@id\":\"https:\/\/www.ovesnasvacinka.cz\/product\/takerun-s-kousky-cokolady\/#primaryimage\"},\"thumbnailUrl\":\"https:\/\/www.ovesnasvacinka.cz\/wp-content\/uploads\/2022\/08\/tandr_coko.jpg\",\"datePublished\":\"2022-08-31T11:44:32+00:00\",\"dateModified\":\"2026-04-18T04:12:14+00:00\",\"description\":\"Take &amp; Run ovesn\u00e9 su\u0161enky s kousky \u010dokol\u00e1dy, polom\u00e1\u010den\u00e9. Balen\u00ed obsahuje 20 kus\u016f s hmotnost\u00ed jednoho kusu 50g. Cena jednoho kusu je 7,95 K\u010d. &nbsp;\",\"breadcrumb\":{\"@id\":\"https:\/\/www.ovesnasvacinka.cz\/product\/takerun-s-kousky-cokolady\/#breadcrumb\"},\"inLanguage\":\"en-US\",\"potentialAction\":[{\"@type\":\"ReadAction\",\"target\":[\"https:\/\/www.ovesnasvacinka.cz\/product\/takerun-s-kousky-cokolady\/\"]}]},{\"@type\":\"ImageObject\",\"inLanguage\":\"en-US\",\"@id\":\"https:\/\/www.ovesnasvacinka.cz\/product\/takerun-s-kousky-cokolady\/#primaryimage\",\"url\":\"https:\/\/www.ovesnasvacinka.cz\/wp-content\/uploads\/2022\/08\/tandr_coko.jpg\",\"contentUrl\":\"https:\/\/www.ovesnasvacinka.cz\/wp-content\/uploads\/2022\/08\/tandr_coko.jpg\",\"width\":800,\"height\":766},{\"@type\":\"BreadcrumbList\",\"@id\":\"https:\/\/www.ovesnasvacinka.cz\/product\/takerun-s-kousky-cokolady\/#breadcrumb\",\"itemListElement\":[{\"@type\":\"ListItem\",\"position\":1,\"name\":\"Home\",\"item\":\"https:\/\/www.ovesnasvacinka.cz\/\"},{\"@type\":\"ListItem\",\"position\":2,\"name\":\"Shop\",\"item\":\"https:\/\/www.ovesnasvacinka.cz\/shop\/\"},{\"@type\":\"ListItem\",\"position\":3,\"name\":\"Karton Take&#038;Run s kousky \u010dokol\u00e1dy\"}]},{\"@type\":\"WebSite\",\"@id\":\"https:\/\/www.ovesnasvacinka.cz\/#website\",\"url\":\"https:\/\/www.ovesnasvacinka.cz\/\",\"name\":\"Ovesn\u00e1 Sva\u010dinka\",\"description\":\"Sva\u010dinka pro ka\u017edou p\u0159\u00edle\u017eitost\",\"publisher\":{\"@id\":\"https:\/\/www.ovesnasvacinka.cz\/#organization\"},\"potentialAction\":[{\"@type\":\"SearchAction\",\"target\":{\"@type\":\"EntryPoint\",\"urlTemplate\":\"https:\/\/www.ovesnasvacinka.cz\/?s={search_term_string}\"},\"query-input\":{\"@type\":\"PropertyValueSpecification\",\"valueRequired\":true,\"valueName\":\"search_term_string\"}}],\"inLanguage\":\"en-US\"},{\"@type\":\"Organization\",\"@id\":\"https:\/\/www.ovesnasvacinka.cz\/#organization\",\"name\":\"Ovesn\u00e1 Sva\u010dinka\",\"url\":\"https:\/\/www.ovesnasvacinka.cz\/\",\"logo\":{\"@type\":\"ImageObject\",\"inLanguage\":\"en-US\",\"@id\":\"https:\/\/www.ovesnasvacinka.cz\/#\/schema\/logo\/image\/\",\"url\":\"https:\/\/www.ovesnasvacinka.cz\/wp-content\/uploads\/2022\/09\/logo_ok.png\",\"contentUrl\":\"https:\/\/www.ovesnasvacinka.cz\/wp-content\/uploads\/2022\/09\/logo_ok.png\",\"width\":704,\"height\":159,\"caption\":\"Ovesn\u00e1 Sva\u010dinka\"},\"image\":{\"@id\":\"https:\/\/www.ovesnasvacinka.cz\/#\/schema\/logo\/image\/\"},\"sameAs\":[\"https:\/\/www.facebook.com\/profile.php?id=100086741557523\",\"https:\/\/www.instagram.com\/ovesnasvacinka\/\"]}]}<\/script>\n<!-- \/ Yoast SEO plugin. -->","yoast_head_json":{"title":"Karton Take&Run s kousky \u010dokol\u00e1dy | Ovesn\u00e1 Sva\u010dinka","description":"Take &amp; Run ovesn\u00e9 su\u0161enky s kousky \u010dokol\u00e1dy, polom\u00e1\u010den\u00e9.  Balen\u00ed obsahuje 20 kus\u016f s hmotnost\u00ed jednoho kusu 50g. Cena jednoho kusu je 7,95 K\u010d.  &nbsp;","robots":{"index":"index","follow":"follow","max-snippet":"max-snippet:-1","max-image-preview":"max-image-preview:large","max-video-preview":"max-video-preview:-1"},"canonical":"https:\/\/www.ovesnasvacinka.cz\/en\/product\/takerun-s-kousky-cokolady\/","og_locale":"en_US","og_type":"article","og_title":"Karton Take&Run s kousky \u010dokol\u00e1dy | Ovesn\u00e1 Sva\u010dinka","og_description":"Take &amp; Run ovesn\u00e9 su\u0161enky s kousky \u010dokol\u00e1dy, polom\u00e1\u010den\u00e9.  Balen\u00ed obsahuje 20 kus\u016f s hmotnost\u00ed jednoho kusu 50g. Cena jednoho kusu je 7,95 K\u010d.  &nbsp;","og_url":"https:\/\/www.ovesnasvacinka.cz\/en\/product\/takerun-s-kousky-cokolady\/","og_site_name":"Ovesn\u00e1 Sva\u010dinka","article_publisher":"https:\/\/www.facebook.com\/profile.php?id=100086741557523","article_modified_time":"2026-04-18T04:12:14+00:00","og_image":[{"width":800,"height":766,"url":"https:\/\/www.ovesnasvacinka.cz\/wp-content\/uploads\/2022\/08\/tandr_coko.jpg","type":"image\/jpeg"}],"twitter_card":"summary_large_image","twitter_misc":{"Est. reading time":"1 minute"},"schema":{"@context":"https:\/\/schema.org","@graph":[{"@type":"WebPage","@id":"https:\/\/www.ovesnasvacinka.cz\/product\/takerun-s-kousky-cokolady\/","url":"https:\/\/www.ovesnasvacinka.cz\/product\/takerun-s-kousky-cokolady\/","name":"Karton Take&Run s kousky \u010dokol\u00e1dy | Ovesn\u00e1 Sva\u010dinka","isPartOf":{"@id":"https:\/\/www.ovesnasvacinka.cz\/#website"},"primaryImageOfPage":{"@id":"https:\/\/www.ovesnasvacinka.cz\/product\/takerun-s-kousky-cokolady\/#primaryimage"},"image":{"@id":"https:\/\/www.ovesnasvacinka.cz\/product\/takerun-s-kousky-cokolady\/#primaryimage"},"thumbnailUrl":"https:\/\/www.ovesnasvacinka.cz\/wp-content\/uploads\/2022\/08\/tandr_coko.jpg","datePublished":"2022-08-31T11:44:32+00:00","dateModified":"2026-04-18T04:12:14+00:00","description":"Take &amp; Run ovesn\u00e9 su\u0161enky s kousky \u010dokol\u00e1dy, polom\u00e1\u010den\u00e9. Balen\u00ed obsahuje 20 kus\u016f s hmotnost\u00ed jednoho kusu 50g. Cena jednoho kusu je 7,95 K\u010d. &nbsp;","breadcrumb":{"@id":"https:\/\/www.ovesnasvacinka.cz\/product\/takerun-s-kousky-cokolady\/#breadcrumb"},"inLanguage":"en-US","potentialAction":[{"@type":"ReadAction","target":["https:\/\/www.ovesnasvacinka.cz\/product\/takerun-s-kousky-cokolady\/"]}]},{"@type":"ImageObject","inLanguage":"en-US","@id":"https:\/\/www.ovesnasvacinka.cz\/product\/takerun-s-kousky-cokolady\/#primaryimage","url":"https:\/\/www.ovesnasvacinka.cz\/wp-content\/uploads\/2022\/08\/tandr_coko.jpg","contentUrl":"https:\/\/www.ovesnasvacinka.cz\/wp-content\/uploads\/2022\/08\/tandr_coko.jpg","width":800,"height":766},{"@type":"BreadcrumbList","@id":"https:\/\/www.ovesnasvacinka.cz\/product\/takerun-s-kousky-cokolady\/#breadcrumb","itemListElement":[{"@type":"ListItem","position":1,"name":"Home","item":"https:\/\/www.ovesnasvacinka.cz\/"},{"@type":"ListItem","position":2,"name":"Shop","item":"https:\/\/www.ovesnasvacinka.cz\/shop\/"},{"@type":"ListItem","position":3,"name":"Karton Take&#038;Run s kousky \u010dokol\u00e1dy"}]},{"@type":"WebSite","@id":"https:\/\/www.ovesnasvacinka.cz\/#website","url":"https:\/\/www.ovesnasvacinka.cz\/","name":"Ovesn\u00e1 Sva\u010dinka","description":"Sva\u010dinka pro ka\u017edou p\u0159\u00edle\u017eitost","publisher":{"@id":"https:\/\/www.ovesnasvacinka.cz\/#organization"},"potentialAction":[{"@type":"SearchAction","target":{"@type":"EntryPoint","urlTemplate":"https:\/\/www.ovesnasvacinka.cz\/?s={search_term_string}"},"query-input":{"@type":"PropertyValueSpecification","valueRequired":true,"valueName":"search_term_string"}}],"inLanguage":"en-US"},{"@type":"Organization","@id":"https:\/\/www.ovesnasvacinka.cz\/#organization","name":"Ovesn\u00e1 Sva\u010dinka","url":"https:\/\/www.ovesnasvacinka.cz\/","logo":{"@type":"ImageObject","inLanguage":"en-US","@id":"https:\/\/www.ovesnasvacinka.cz\/#\/schema\/logo\/image\/","url":"https:\/\/www.ovesnasvacinka.cz\/wp-content\/uploads\/2022\/09\/logo_ok.png","contentUrl":"https:\/\/www.ovesnasvacinka.cz\/wp-content\/uploads\/2022\/09\/logo_ok.png","width":704,"height":159,"caption":"Ovesn\u00e1 Sva\u010dinka"},"image":{"@id":"https:\/\/www.ovesnasvacinka.cz\/#\/schema\/logo\/image\/"},"sameAs":["https:\/\/www.facebook.com\/profile.php?id=100086741557523","https:\/\/www.instagram.com\/ovesnasvacinka\/"]}]}},"_links":{"self":[{"href":"https:\/\/www.ovesnasvacinka.cz\/en\/wp-json\/wp\/v2\/product\/468","targetHints":{"allow":["GET"]}}],"collection":[{"href":"https:\/\/www.ovesnasvacinka.cz\/en\/wp-json\/wp\/v2\/product"}],"about":[{"href":"https:\/\/www.ovesnasvacinka.cz\/en\/wp-json\/wp\/v2\/types\/product"}],"replies":[{"embeddable":true,"href":"https:\/\/www.ovesnasvacinka.cz\/en\/wp-json\/wp\/v2\/comments?post=468"}],"wp:featuredmedia":[{"embeddable":true,"href":"https:\/\/www.ovesnasvacinka.cz\/en\/wp-json\/wp\/v2\/media\/469"}],"wp:attachment":[{"href":"https:\/\/www.ovesnasvacinka.cz\/en\/wp-json\/wp\/v2\/media?parent=468"}],"wp:term":[{"taxonomy":"product_brand","embeddable":true,"href":"https:\/\/www.ovesnasvacinka.cz\/en\/wp-json\/wp\/v2\/product_brand?post=468"},{"taxonomy":"product_cat","embeddable":true,"href":"https:\/\/www.ovesnasvacinka.cz\/en\/wp-json\/wp\/v2\/product_cat?post=468"},{"taxonomy":"product_tag","embeddable":true,"href":"https:\/\/www.ovesnasvacinka.cz\/en\/wp-json\/wp\/v2\/product_tag?post=468"}],"curies":[{"name":"wp","href":"https:\/\/api.w.org\/{rel}","templated":true}]}}