{"id":450,"date":"2022-08-31T09:29:18","date_gmt":"2022-08-31T09:29:18","guid":{"rendered":"https:\/\/www.ovesnasvacinka.cz\/?post_type=product&#038;p=450"},"modified":"2025-05-06T07:49:49","modified_gmt":"2025-05-06T07:49:49","slug":"ke-kaficku-ovesne-liskooriskove-polomacene","status":"publish","type":"product","link":"https:\/\/www.ovesnasvacinka.cz\/en\/product\/ke-kaficku-ovesne-liskooriskove-polomacene\/","title":{"rendered":"Karton Ke Kaf\u00ed\u010dku &#8211; Ovesn\u00e9 L\u00edskoo\u0159\u00ed\u0161kov\u00e9 polom\u00e1\u010den\u00e9"},"content":{"rendered":"<p><strong>Ke Kaf\u00ed\u010dku &#8211; Ovesn\u00e9 L\u00edskoo\u0159\u00ed\u0161kov\u00e9 polom\u00e1\u010den\u00e9<br \/>\n<\/strong><br \/>\nSlo\u017een\u00ed: cukr, rostlinn\u00fd tuk palmov\u00fd neztu\u017een\u00fd, <span style=\"text-decoration: underline;\">p\u0161eni\u010dn\u00e1<\/span> mouka, <span style=\"text-decoration: underline;\">ovesn\u00e1<\/span> mouka min. 13%, <span style=\"text-decoration: underline;\">sezam<\/span> min. 1,5%,<span style=\"text-decoration: underline;\"> l\u00edskov\u00e9 o\u0159\u00ed\u0161ky<\/span> min. 0,5 %, emulg\u00e1tor: slune\u010dnicov\u00fd lecitin, jedl\u00e1 s\u016fl, kyp\u0159\u00edc\u00ed l\u00e1tky: hydrogenuhli\u010ditan sodn\u00fd, hydrogenuhli\u010ditan amonn\u00fd, aroma, cukr\u00e1\u0159sk\u00e1<br \/>\npoleva ml\u00e9\u010dn\u00e1 min. 20% [cukr, rostlinn\u00fd tuk RSPO-MB* (palmoj\u00e1drov\u00fd, palmov\u00fd a shea), su\u0161en\u00e1 <span style=\"text-decoration: underline;\">syrov\u00e1tka<\/span>, kakao se sn\u00ed\u017een\u00fdm obsahem tuku, su\u0161en\u00e9 <span style=\"text-decoration: underline;\">ml\u00e9ko<\/span> odtu\u010dn\u011bn\u00e9 3,5%, emulg\u00e1tory: <span style=\"text-decoration: underline;\">s\u00f3jov\u00fd<\/span> lecitin a polyglycerol-polyricin- ole\u00e1t, aroma]. Tuk RSPO* je ozna\u010den\u00ed pro rostlinn\u00fd tuk, kter\u00fd je vyr\u00e1b\u011bn \u0161etrn\u011b k \u017eivotn\u00edmu prost\u0159ed\u00ed. <span style=\"text-decoration: underline;\">V\u00fdrobek m\u016f\u017ee obsahovat ara\u0161\u00eddy, vejce, sezam a jin\u00e9 sko\u0159\u00e1pkov\u00e9 plody.<\/span><\/p>\n<p><strong>V\u00fd\u017eivov\u00e9 hodnoty\/ V\u00fd\u017eivov\u00e1 hodnota na 100 g v\u00fdrobku:<\/strong><\/p>\n<p>Energetick\u00e1 hodnota \/ Energetick\u00e1 hodnota: 2201kJ \/ 527kcal<br \/>\nTuky \/ Tuky: 29,24 g z toho nasycen\u00e9 mastn\u00e9 kyseliny \/ Z toho nas\u00fdten\u00e9 mastn\u00e9 kyseliny 17,55g<br \/>\nSacharidy \/ Sacharidy: 60,26g z toho cukry \/ z toho cukry 35,2g<br \/>\nVl\u00e1knina \/ Vl\u00e1knina: 2,91<br \/>\nB\u00edlkoviny \/ Bielkoviny: 5,68g<br \/>\nS\u016fl \/ So\u013e: 0,38g<\/p>","protected":false},"excerpt":{"rendered":"<p>K\u0159ehk\u00e9 ovesn\u00e9 su\u0161enky s l\u00edskoo\u0159\u00ed\u0161kovou p\u0159\u00edchut\u00ed, polom\u00e1\u010den\u00e9 v ml\u00e9\u010dn\u00e9 polev\u011b.<\/p>\n<p>Balen\u00ed obsahuje kart\u00f3n s 24 kusy s hmotnost\u00ed jednoho kusu 220g.<br \/>\nCena jednoho kusu je 27,90 K\u010d.<\/p>","protected":false},"featured_media":760,"comment_status":"open","ping_status":"closed","template":"","meta":{"_monsterinsights_skip_tracking":false,"_monsterinsights_sitenote_active":false,"_monsterinsights_sitenote_note":"","_monsterinsights_sitenote_category":0},"product_brand":[],"product_cat":[23],"product_tag":[],"class_list":{"0":"post-450","1":"product","2":"type-product","3":"status-publish","4":"has-post-thumbnail","6":"product_cat-ke-kaficku","8":"first","9":"instock","10":"shipping-taxable","11":"purchasable","12":"product-type-simple"},"yoast_head":"<!-- This site is optimized with the Yoast SEO plugin v25.3 - https:\/\/yoast.com\/wordpress\/plugins\/seo\/ -->\n<title>Karton Ke Kaf\u00ed\u010dku - Ovesn\u00e9 L\u00edskoo\u0159\u00ed\u0161kov\u00e9 polom\u00e1\u010den\u00e9 | Ovesn\u00e1 Sva\u010dinka<\/title>\n<meta name=\"description\" content=\"K\u0159ehk\u00e9 ovesn\u00e9 su\u0161enky s l\u00edskoo\u0159\u00ed\u0161kovou p\u0159\u00edchut\u00ed, polom\u00e1\u010den\u00e9 v ml\u00e9\u010dn\u00e9 polev\u011b.  Balen\u00ed obsahuje kart\u00f3n s 24 kusy s hmotnost\u00ed jednoho kusu 220g. Cena jednoho kusu je 27,90 K\u010d.\" \/>\n<meta name=\"robots\" content=\"index, follow, max-snippet:-1, max-image-preview:large, max-video-preview:-1\" \/>\n<link rel=\"canonical\" href=\"https:\/\/www.ovesnasvacinka.cz\/en\/product\/ke-kaficku-ovesne-liskooriskove-polomacene\/\" \/>\n<meta property=\"og:locale\" content=\"en_US\" \/>\n<meta property=\"og:type\" content=\"article\" \/>\n<meta property=\"og:title\" content=\"Karton Ke Kaf\u00ed\u010dku - Ovesn\u00e9 L\u00edskoo\u0159\u00ed\u0161kov\u00e9 polom\u00e1\u010den\u00e9 | Ovesn\u00e1 Sva\u010dinka\" \/>\n<meta property=\"og:description\" content=\"K\u0159ehk\u00e9 ovesn\u00e9 su\u0161enky s l\u00edskoo\u0159\u00ed\u0161kovou p\u0159\u00edchut\u00ed, polom\u00e1\u010den\u00e9 v ml\u00e9\u010dn\u00e9 polev\u011b.  Balen\u00ed obsahuje kart\u00f3n s 24 kusy s hmotnost\u00ed jednoho kusu 220g. Cena jednoho kusu je 27,90 K\u010d.\" \/>\n<meta property=\"og:url\" content=\"https:\/\/www.ovesnasvacinka.cz\/en\/product\/ke-kaficku-ovesne-liskooriskove-polomacene\/\" \/>\n<meta property=\"og:site_name\" content=\"Ovesn\u00e1 Sva\u010dinka\" \/>\n<meta property=\"article:publisher\" content=\"https:\/\/www.facebook.com\/profile.php?id=100086741557523\" \/>\n<meta property=\"article:modified_time\" content=\"2025-05-06T07:49:49+00:00\" \/>\n<meta property=\"og:image\" content=\"https:\/\/www.ovesnasvacinka.cz\/wp-content\/uploads\/2022\/08\/119-Ke-Kaficku_liskooriskove_polomacene_CZE-8594064471583.png\" \/>\n\t<meta property=\"og:image:width\" content=\"800\" \/>\n\t<meta property=\"og:image:height\" content=\"766\" \/>\n\t<meta property=\"og:image:type\" content=\"image\/png\" \/>\n<meta name=\"twitter:card\" content=\"summary_large_image\" \/>\n<meta name=\"twitter:label1\" content=\"Est. reading time\" \/>\n\t<meta name=\"twitter:data1\" content=\"2 minutes\" \/>\n<script type=\"application\/ld+json\" class=\"yoast-schema-graph\">{\"@context\":\"https:\/\/schema.org\",\"@graph\":[{\"@type\":\"WebPage\",\"@id\":\"https:\/\/www.ovesnasvacinka.cz\/product\/ke-kaficku-ovesne-liskooriskove-polomacene\/\",\"url\":\"https:\/\/www.ovesnasvacinka.cz\/product\/ke-kaficku-ovesne-liskooriskove-polomacene\/\",\"name\":\"Karton Ke Kaf\u00ed\u010dku - Ovesn\u00e9 L\u00edskoo\u0159\u00ed\u0161kov\u00e9 polom\u00e1\u010den\u00e9 | Ovesn\u00e1 Sva\u010dinka\",\"isPartOf\":{\"@id\":\"https:\/\/www.ovesnasvacinka.cz\/#website\"},\"primaryImageOfPage\":{\"@id\":\"https:\/\/www.ovesnasvacinka.cz\/product\/ke-kaficku-ovesne-liskooriskove-polomacene\/#primaryimage\"},\"image\":{\"@id\":\"https:\/\/www.ovesnasvacinka.cz\/product\/ke-kaficku-ovesne-liskooriskove-polomacene\/#primaryimage\"},\"thumbnailUrl\":\"https:\/\/www.ovesnasvacinka.cz\/wp-content\/uploads\/2022\/08\/119-Ke-Kaficku_liskooriskove_polomacene_CZE-8594064471583.png\",\"datePublished\":\"2022-08-31T09:29:18+00:00\",\"dateModified\":\"2025-05-06T07:49:49+00:00\",\"description\":\"K\u0159ehk\u00e9 ovesn\u00e9 su\u0161enky s l\u00edskoo\u0159\u00ed\u0161kovou p\u0159\u00edchut\u00ed, polom\u00e1\u010den\u00e9 v ml\u00e9\u010dn\u00e9 polev\u011b. Balen\u00ed obsahuje kart\u00f3n s 24 kusy s hmotnost\u00ed jednoho kusu 220g. Cena jednoho kusu je 27,90 K\u010d.\",\"breadcrumb\":{\"@id\":\"https:\/\/www.ovesnasvacinka.cz\/product\/ke-kaficku-ovesne-liskooriskove-polomacene\/#breadcrumb\"},\"inLanguage\":\"en-US\",\"potentialAction\":[{\"@type\":\"ReadAction\",\"target\":[\"https:\/\/www.ovesnasvacinka.cz\/product\/ke-kaficku-ovesne-liskooriskove-polomacene\/\"]}]},{\"@type\":\"ImageObject\",\"inLanguage\":\"en-US\",\"@id\":\"https:\/\/www.ovesnasvacinka.cz\/product\/ke-kaficku-ovesne-liskooriskove-polomacene\/#primaryimage\",\"url\":\"https:\/\/www.ovesnasvacinka.cz\/wp-content\/uploads\/2022\/08\/119-Ke-Kaficku_liskooriskove_polomacene_CZE-8594064471583.png\",\"contentUrl\":\"https:\/\/www.ovesnasvacinka.cz\/wp-content\/uploads\/2022\/08\/119-Ke-Kaficku_liskooriskove_polomacene_CZE-8594064471583.png\",\"width\":800,\"height\":766,\"caption\":\"listooriskove polom\u00e1\u010den\u00e9 ke kaf\u00ed\u010dku\"},{\"@type\":\"BreadcrumbList\",\"@id\":\"https:\/\/www.ovesnasvacinka.cz\/product\/ke-kaficku-ovesne-liskooriskove-polomacene\/#breadcrumb\",\"itemListElement\":[{\"@type\":\"ListItem\",\"position\":1,\"name\":\"Home\",\"item\":\"https:\/\/www.ovesnasvacinka.cz\/\"},{\"@type\":\"ListItem\",\"position\":2,\"name\":\"Shop\",\"item\":\"https:\/\/www.ovesnasvacinka.cz\/shop\/\"},{\"@type\":\"ListItem\",\"position\":3,\"name\":\"Karton Ke Kaf\u00ed\u010dku &#8211; Ovesn\u00e9 L\u00edskoo\u0159\u00ed\u0161kov\u00e9 polom\u00e1\u010den\u00e9\"}]},{\"@type\":\"WebSite\",\"@id\":\"https:\/\/www.ovesnasvacinka.cz\/#website\",\"url\":\"https:\/\/www.ovesnasvacinka.cz\/\",\"name\":\"Ovesn\u00e1 Sva\u010dinka\",\"description\":\"Sva\u010dinka pro ka\u017edou p\u0159\u00edle\u017eitost\",\"publisher\":{\"@id\":\"https:\/\/www.ovesnasvacinka.cz\/#organization\"},\"potentialAction\":[{\"@type\":\"SearchAction\",\"target\":{\"@type\":\"EntryPoint\",\"urlTemplate\":\"https:\/\/www.ovesnasvacinka.cz\/?s={search_term_string}\"},\"query-input\":{\"@type\":\"PropertyValueSpecification\",\"valueRequired\":true,\"valueName\":\"search_term_string\"}}],\"inLanguage\":\"en-US\"},{\"@type\":\"Organization\",\"@id\":\"https:\/\/www.ovesnasvacinka.cz\/#organization\",\"name\":\"Ovesn\u00e1 Sva\u010dinka\",\"url\":\"https:\/\/www.ovesnasvacinka.cz\/\",\"logo\":{\"@type\":\"ImageObject\",\"inLanguage\":\"en-US\",\"@id\":\"https:\/\/www.ovesnasvacinka.cz\/#\/schema\/logo\/image\/\",\"url\":\"https:\/\/www.ovesnasvacinka.cz\/wp-content\/uploads\/2022\/09\/logo_ok.png\",\"contentUrl\":\"https:\/\/www.ovesnasvacinka.cz\/wp-content\/uploads\/2022\/09\/logo_ok.png\",\"width\":704,\"height\":159,\"caption\":\"Ovesn\u00e1 Sva\u010dinka\"},\"image\":{\"@id\":\"https:\/\/www.ovesnasvacinka.cz\/#\/schema\/logo\/image\/\"},\"sameAs\":[\"https:\/\/www.facebook.com\/profile.php?id=100086741557523\",\"https:\/\/www.instagram.com\/ovesnasvacinka\/\"]}]}<\/script>\n<!-- \/ Yoast SEO plugin. -->","yoast_head_json":{"title":"Karton Ke Kaf\u00ed\u010dku - Ovesn\u00e9 L\u00edskoo\u0159\u00ed\u0161kov\u00e9 polom\u00e1\u010den\u00e9 | Ovesn\u00e1 Sva\u010dinka","description":"K\u0159ehk\u00e9 ovesn\u00e9 su\u0161enky s l\u00edskoo\u0159\u00ed\u0161kovou p\u0159\u00edchut\u00ed, polom\u00e1\u010den\u00e9 v ml\u00e9\u010dn\u00e9 polev\u011b.  Balen\u00ed obsahuje kart\u00f3n s 24 kusy s hmotnost\u00ed jednoho kusu 220g. Cena jednoho kusu je 27,90 K\u010d.","robots":{"index":"index","follow":"follow","max-snippet":"max-snippet:-1","max-image-preview":"max-image-preview:large","max-video-preview":"max-video-preview:-1"},"canonical":"https:\/\/www.ovesnasvacinka.cz\/en\/product\/ke-kaficku-ovesne-liskooriskove-polomacene\/","og_locale":"en_US","og_type":"article","og_title":"Karton Ke Kaf\u00ed\u010dku - Ovesn\u00e9 L\u00edskoo\u0159\u00ed\u0161kov\u00e9 polom\u00e1\u010den\u00e9 | Ovesn\u00e1 Sva\u010dinka","og_description":"K\u0159ehk\u00e9 ovesn\u00e9 su\u0161enky s l\u00edskoo\u0159\u00ed\u0161kovou p\u0159\u00edchut\u00ed, polom\u00e1\u010den\u00e9 v ml\u00e9\u010dn\u00e9 polev\u011b.  Balen\u00ed obsahuje kart\u00f3n s 24 kusy s hmotnost\u00ed jednoho kusu 220g. Cena jednoho kusu je 27,90 K\u010d.","og_url":"https:\/\/www.ovesnasvacinka.cz\/en\/product\/ke-kaficku-ovesne-liskooriskove-polomacene\/","og_site_name":"Ovesn\u00e1 Sva\u010dinka","article_publisher":"https:\/\/www.facebook.com\/profile.php?id=100086741557523","article_modified_time":"2025-05-06T07:49:49+00:00","og_image":[{"width":800,"height":766,"url":"https:\/\/www.ovesnasvacinka.cz\/wp-content\/uploads\/2022\/08\/119-Ke-Kaficku_liskooriskove_polomacene_CZE-8594064471583.png","type":"image\/png"}],"twitter_card":"summary_large_image","twitter_misc":{"Est. reading time":"2 minutes"},"schema":{"@context":"https:\/\/schema.org","@graph":[{"@type":"WebPage","@id":"https:\/\/www.ovesnasvacinka.cz\/product\/ke-kaficku-ovesne-liskooriskove-polomacene\/","url":"https:\/\/www.ovesnasvacinka.cz\/product\/ke-kaficku-ovesne-liskooriskove-polomacene\/","name":"Karton Ke Kaf\u00ed\u010dku - Ovesn\u00e9 L\u00edskoo\u0159\u00ed\u0161kov\u00e9 polom\u00e1\u010den\u00e9 | Ovesn\u00e1 Sva\u010dinka","isPartOf":{"@id":"https:\/\/www.ovesnasvacinka.cz\/#website"},"primaryImageOfPage":{"@id":"https:\/\/www.ovesnasvacinka.cz\/product\/ke-kaficku-ovesne-liskooriskove-polomacene\/#primaryimage"},"image":{"@id":"https:\/\/www.ovesnasvacinka.cz\/product\/ke-kaficku-ovesne-liskooriskove-polomacene\/#primaryimage"},"thumbnailUrl":"https:\/\/www.ovesnasvacinka.cz\/wp-content\/uploads\/2022\/08\/119-Ke-Kaficku_liskooriskove_polomacene_CZE-8594064471583.png","datePublished":"2022-08-31T09:29:18+00:00","dateModified":"2025-05-06T07:49:49+00:00","description":"K\u0159ehk\u00e9 ovesn\u00e9 su\u0161enky s l\u00edskoo\u0159\u00ed\u0161kovou p\u0159\u00edchut\u00ed, polom\u00e1\u010den\u00e9 v ml\u00e9\u010dn\u00e9 polev\u011b. Balen\u00ed obsahuje kart\u00f3n s 24 kusy s hmotnost\u00ed jednoho kusu 220g. Cena jednoho kusu je 27,90 K\u010d.","breadcrumb":{"@id":"https:\/\/www.ovesnasvacinka.cz\/product\/ke-kaficku-ovesne-liskooriskove-polomacene\/#breadcrumb"},"inLanguage":"en-US","potentialAction":[{"@type":"ReadAction","target":["https:\/\/www.ovesnasvacinka.cz\/product\/ke-kaficku-ovesne-liskooriskove-polomacene\/"]}]},{"@type":"ImageObject","inLanguage":"en-US","@id":"https:\/\/www.ovesnasvacinka.cz\/product\/ke-kaficku-ovesne-liskooriskove-polomacene\/#primaryimage","url":"https:\/\/www.ovesnasvacinka.cz\/wp-content\/uploads\/2022\/08\/119-Ke-Kaficku_liskooriskove_polomacene_CZE-8594064471583.png","contentUrl":"https:\/\/www.ovesnasvacinka.cz\/wp-content\/uploads\/2022\/08\/119-Ke-Kaficku_liskooriskove_polomacene_CZE-8594064471583.png","width":800,"height":766,"caption":"listooriskove polom\u00e1\u010den\u00e9 ke kaf\u00ed\u010dku"},{"@type":"BreadcrumbList","@id":"https:\/\/www.ovesnasvacinka.cz\/product\/ke-kaficku-ovesne-liskooriskove-polomacene\/#breadcrumb","itemListElement":[{"@type":"ListItem","position":1,"name":"Home","item":"https:\/\/www.ovesnasvacinka.cz\/"},{"@type":"ListItem","position":2,"name":"Shop","item":"https:\/\/www.ovesnasvacinka.cz\/shop\/"},{"@type":"ListItem","position":3,"name":"Karton Ke Kaf\u00ed\u010dku &#8211; Ovesn\u00e9 L\u00edskoo\u0159\u00ed\u0161kov\u00e9 polom\u00e1\u010den\u00e9"}]},{"@type":"WebSite","@id":"https:\/\/www.ovesnasvacinka.cz\/#website","url":"https:\/\/www.ovesnasvacinka.cz\/","name":"Ovesn\u00e1 Sva\u010dinka","description":"Sva\u010dinka pro ka\u017edou p\u0159\u00edle\u017eitost","publisher":{"@id":"https:\/\/www.ovesnasvacinka.cz\/#organization"},"potentialAction":[{"@type":"SearchAction","target":{"@type":"EntryPoint","urlTemplate":"https:\/\/www.ovesnasvacinka.cz\/?s={search_term_string}"},"query-input":{"@type":"PropertyValueSpecification","valueRequired":true,"valueName":"search_term_string"}}],"inLanguage":"en-US"},{"@type":"Organization","@id":"https:\/\/www.ovesnasvacinka.cz\/#organization","name":"Ovesn\u00e1 Sva\u010dinka","url":"https:\/\/www.ovesnasvacinka.cz\/","logo":{"@type":"ImageObject","inLanguage":"en-US","@id":"https:\/\/www.ovesnasvacinka.cz\/#\/schema\/logo\/image\/","url":"https:\/\/www.ovesnasvacinka.cz\/wp-content\/uploads\/2022\/09\/logo_ok.png","contentUrl":"https:\/\/www.ovesnasvacinka.cz\/wp-content\/uploads\/2022\/09\/logo_ok.png","width":704,"height":159,"caption":"Ovesn\u00e1 Sva\u010dinka"},"image":{"@id":"https:\/\/www.ovesnasvacinka.cz\/#\/schema\/logo\/image\/"},"sameAs":["https:\/\/www.facebook.com\/profile.php?id=100086741557523","https:\/\/www.instagram.com\/ovesnasvacinka\/"]}]}},"_links":{"self":[{"href":"https:\/\/www.ovesnasvacinka.cz\/en\/wp-json\/wp\/v2\/product\/450","targetHints":{"allow":["GET"]}}],"collection":[{"href":"https:\/\/www.ovesnasvacinka.cz\/en\/wp-json\/wp\/v2\/product"}],"about":[{"href":"https:\/\/www.ovesnasvacinka.cz\/en\/wp-json\/wp\/v2\/types\/product"}],"replies":[{"embeddable":true,"href":"https:\/\/www.ovesnasvacinka.cz\/en\/wp-json\/wp\/v2\/comments?post=450"}],"wp:featuredmedia":[{"embeddable":true,"href":"https:\/\/www.ovesnasvacinka.cz\/en\/wp-json\/wp\/v2\/media\/760"}],"wp:attachment":[{"href":"https:\/\/www.ovesnasvacinka.cz\/en\/wp-json\/wp\/v2\/media?parent=450"}],"wp:term":[{"taxonomy":"product_brand","embeddable":true,"href":"https:\/\/www.ovesnasvacinka.cz\/en\/wp-json\/wp\/v2\/product_brand?post=450"},{"taxonomy":"product_cat","embeddable":true,"href":"https:\/\/www.ovesnasvacinka.cz\/en\/wp-json\/wp\/v2\/product_cat?post=450"},{"taxonomy":"product_tag","embeddable":true,"href":"https:\/\/www.ovesnasvacinka.cz\/en\/wp-json\/wp\/v2\/product_tag?post=450"}],"curies":[{"name":"wp","href":"https:\/\/api.w.org\/{rel}","templated":true}]}}