{"id":2161,"date":"2026-03-23T12:16:34","date_gmt":"2026-03-23T12:16:34","guid":{"rendered":"https:\/\/www.ovesnasvacinka.cz\/?post_type=product&#038;p=2161"},"modified":"2026-04-18T03:20:51","modified_gmt":"2026-04-18T03:20:51","slug":"mini-rozarky-s-tresnovou-naplni-polomacene-55g-kopirovat","status":"publish","type":"product","link":"https:\/\/www.ovesnasvacinka.cz\/en\/product\/mini-rozarky-s-tresnovou-naplni-polomacene-55g-kopirovat\/","title":{"rendered":"Mini Roz\u00e1rky s t\u0159e\u0161\u0148ovou n\u00e1pln\u00ed polom\u00e1\u010den\u00e9 &#8211; 55g"},"content":{"rendered":"<p><b>Mini Roz\u00e1rky \u2013 su\u0161enky s t\u0159e\u0161\u0148ovou n\u00e1pln\u00ed m\u00e1\u010den\u00e9 v ml\u00e9\u010dn\u00e9 polev\u011b<\/b><\/p>\n<p>Slo\u017een\u00ed: <span style=\"text-decoration: underline;\">p\u0161eni\u010dn\u00e1<\/span> mouka, t\u0159e\u0161\u0148ov\u00e1 n\u00e1pl\u0148 min 20% [gluk\u00f3zo-frukt\u00f3zov\u00fd sirup , t\u0159e\u0161\u0148ov\u00e9 pyr\u00e9 min 7%, cukr, \u017eeliruj\u00edc\u00ed l\u00e1tky (pektin, algin\u00e1t sodn\u00fd), regul\u00e1tor kyselosti (kyselina citronov\u00e1, difosfore\u010dnan sodn\u00fd) , konzervant (<span style=\"text-decoration: underline;\">kyselina sorbov\u00e1<\/span>), barviva (E120, karamel)], ml\u00e9\u010dn\u00e1 poleva min 20% (cukr, rostlinn\u00fd tuk palmoj\u00e1drov\u00fd, su\u0161en\u00e9 odtu\u010dn\u011bn\u00e9 kakao, su\u0161en\u00e9 plnotu\u010dn\u00e9 <span style=\"text-decoration: underline;\">ml\u00e9ko<\/span>, su\u0161en\u00e9 odtu\u010dn\u011bn\u00e9 <span style=\"text-decoration: underline;\">ml\u00e9ko<\/span>, <span style=\"text-decoration: underline;\">sojov\u00fd<\/span> lecitin), rostlinn\u00fd tuk palmov\u00fd, cukr, su\u0161en\u00e9 odtu\u010dn\u011bn\u00e9 <span style=\"text-decoration: underline;\">ml\u00e9ko<\/span>, bramborov\u00fd \u0161krob, gluk\u00f3zov\u00fd sirup, jedl\u00e1 s\u016fl, aroma. V\u00fdrobek m\u016f\u017ee obsahovat: <span style=\"text-decoration: underline;\">sezam, ara\u0161\u00eddy a jin\u00e9 sko\u0159\u00e1pkov\u00e9 plody.<\/span><\/p>\n<p><strong>ENERGETICK\u00c9 HODNOTY<\/strong> na 100g: 2017 kJ\/ 482 kcal,<br \/>\nTuky 25g z toho nasycen\u00e9 14 g, Sacharidy 56 g z toho cukry 32g , B\u00edlkoviny 5,3g, S\u016fl 0,2g<br \/>\nSkladujte v suchu a p\u0159i teplot\u011b do 25 \u00baC. Doba minim\u00e1ln\u00ed trvanlivosti a \u010d\u00edslo \u0161ar\u017ee viz potisk na obale. V\u00fdrobce: FAMMILKY s.r.o., Smetanova 5, \u010cesk\u00fd T\u011b\u0161\u00edn, \u010cesk\u00e1 Republika. Vyroben\u00e9 v \u010cesk\u00e9 Republice. <strong>Hmotnost: 55 g<\/strong><\/p>","protected":false},"excerpt":{"rendered":"<p>Produkt obsahuje karton s 49 kusy.<\/p>","protected":false},"featured_media":2162,"comment_status":"open","ping_status":"closed","template":"","meta":{"_monsterinsights_skip_tracking":false,"_monsterinsights_sitenote_active":false,"_monsterinsights_sitenote_note":"","_monsterinsights_sitenote_category":0},"product_brand":[],"product_cat":[20],"product_tag":[],"class_list":{"0":"post-2161","1":"product","2":"type-product","3":"status-publish","4":"has-post-thumbnail","6":"product_cat-rozarky","8":"first","9":"instock","10":"shipping-taxable","11":"purchasable","12":"product-type-simple"},"yoast_head":"<!-- This site is optimized with the Yoast SEO plugin v25.3 - https:\/\/yoast.com\/wordpress\/plugins\/seo\/ -->\n<title>Mini Roz\u00e1rky s t\u0159e\u0161\u0148ovou n\u00e1pln\u00ed polom\u00e1\u010den\u00e9 - 55g | Ovesn\u00e1 Sva\u010dinka<\/title>\n<meta name=\"description\" content=\"Produkt obsahuje karton s 49 kusy.\" \/>\n<meta name=\"robots\" content=\"index, follow, max-snippet:-1, max-image-preview:large, max-video-preview:-1\" \/>\n<link rel=\"canonical\" href=\"https:\/\/www.ovesnasvacinka.cz\/en\/product\/mini-rozarky-s-tresnovou-naplni-polomacene-55g-kopirovat\/\" \/>\n<meta property=\"og:locale\" content=\"en_US\" \/>\n<meta property=\"og:type\" content=\"article\" \/>\n<meta property=\"og:title\" content=\"Mini Roz\u00e1rky s t\u0159e\u0161\u0148ovou n\u00e1pln\u00ed polom\u00e1\u010den\u00e9 - 55g | Ovesn\u00e1 Sva\u010dinka\" \/>\n<meta property=\"og:description\" content=\"Produkt obsahuje karton s 49 kusy.\" \/>\n<meta property=\"og:url\" content=\"https:\/\/www.ovesnasvacinka.cz\/en\/product\/mini-rozarky-s-tresnovou-naplni-polomacene-55g-kopirovat\/\" \/>\n<meta property=\"og:site_name\" content=\"Ovesn\u00e1 Sva\u010dinka\" \/>\n<meta property=\"article:publisher\" content=\"https:\/\/www.facebook.com\/profile.php?id=100086741557523\" \/>\n<meta property=\"article:modified_time\" content=\"2026-04-18T03:20:51+00:00\" \/>\n<meta property=\"og:image\" content=\"https:\/\/www.ovesnasvacinka.cz\/wp-content\/uploads\/2026\/03\/mini-rozarky-cervene.webp\" \/>\n\t<meta property=\"og:image:width\" content=\"881\" \/>\n\t<meta property=\"og:image:height\" content=\"766\" \/>\n\t<meta property=\"og:image:type\" content=\"image\/webp\" \/>\n<meta name=\"twitter:card\" content=\"summary_large_image\" \/>\n<meta name=\"twitter:label1\" content=\"Est. reading time\" \/>\n\t<meta name=\"twitter:data1\" content=\"1 minute\" \/>\n<script type=\"application\/ld+json\" class=\"yoast-schema-graph\">{\"@context\":\"https:\/\/schema.org\",\"@graph\":[{\"@type\":\"WebPage\",\"@id\":\"https:\/\/www.ovesnasvacinka.cz\/product\/mini-rozarky-s-tresnovou-naplni-polomacene-55g-kopirovat\/\",\"url\":\"https:\/\/www.ovesnasvacinka.cz\/product\/mini-rozarky-s-tresnovou-naplni-polomacene-55g-kopirovat\/\",\"name\":\"Mini Roz\u00e1rky s t\u0159e\u0161\u0148ovou n\u00e1pln\u00ed polom\u00e1\u010den\u00e9 - 55g | Ovesn\u00e1 Sva\u010dinka\",\"isPartOf\":{\"@id\":\"https:\/\/www.ovesnasvacinka.cz\/#website\"},\"primaryImageOfPage\":{\"@id\":\"https:\/\/www.ovesnasvacinka.cz\/product\/mini-rozarky-s-tresnovou-naplni-polomacene-55g-kopirovat\/#primaryimage\"},\"image\":{\"@id\":\"https:\/\/www.ovesnasvacinka.cz\/product\/mini-rozarky-s-tresnovou-naplni-polomacene-55g-kopirovat\/#primaryimage\"},\"thumbnailUrl\":\"https:\/\/www.ovesnasvacinka.cz\/wp-content\/uploads\/2026\/03\/mini-rozarky-cervene.webp\",\"datePublished\":\"2026-03-23T12:16:34+00:00\",\"dateModified\":\"2026-04-18T03:20:51+00:00\",\"description\":\"Produkt obsahuje karton s 49 kusy.\",\"breadcrumb\":{\"@id\":\"https:\/\/www.ovesnasvacinka.cz\/product\/mini-rozarky-s-tresnovou-naplni-polomacene-55g-kopirovat\/#breadcrumb\"},\"inLanguage\":\"en-US\",\"potentialAction\":[{\"@type\":\"ReadAction\",\"target\":[\"https:\/\/www.ovesnasvacinka.cz\/product\/mini-rozarky-s-tresnovou-naplni-polomacene-55g-kopirovat\/\"]}]},{\"@type\":\"ImageObject\",\"inLanguage\":\"en-US\",\"@id\":\"https:\/\/www.ovesnasvacinka.cz\/product\/mini-rozarky-s-tresnovou-naplni-polomacene-55g-kopirovat\/#primaryimage\",\"url\":\"https:\/\/www.ovesnasvacinka.cz\/wp-content\/uploads\/2026\/03\/mini-rozarky-cervene.webp\",\"contentUrl\":\"https:\/\/www.ovesnasvacinka.cz\/wp-content\/uploads\/2026\/03\/mini-rozarky-cervene.webp\",\"width\":881,\"height\":766},{\"@type\":\"BreadcrumbList\",\"@id\":\"https:\/\/www.ovesnasvacinka.cz\/product\/mini-rozarky-s-tresnovou-naplni-polomacene-55g-kopirovat\/#breadcrumb\",\"itemListElement\":[{\"@type\":\"ListItem\",\"position\":1,\"name\":\"Home\",\"item\":\"https:\/\/www.ovesnasvacinka.cz\/\"},{\"@type\":\"ListItem\",\"position\":2,\"name\":\"Shop\",\"item\":\"https:\/\/www.ovesnasvacinka.cz\/shop\/\"},{\"@type\":\"ListItem\",\"position\":3,\"name\":\"Mini Roz\u00e1rky s t\u0159e\u0161\u0148ovou n\u00e1pln\u00ed polom\u00e1\u010den\u00e9 &#8211; 55g\"}]},{\"@type\":\"WebSite\",\"@id\":\"https:\/\/www.ovesnasvacinka.cz\/#website\",\"url\":\"https:\/\/www.ovesnasvacinka.cz\/\",\"name\":\"Ovesn\u00e1 Sva\u010dinka\",\"description\":\"Sva\u010dinka pro ka\u017edou p\u0159\u00edle\u017eitost\",\"publisher\":{\"@id\":\"https:\/\/www.ovesnasvacinka.cz\/#organization\"},\"potentialAction\":[{\"@type\":\"SearchAction\",\"target\":{\"@type\":\"EntryPoint\",\"urlTemplate\":\"https:\/\/www.ovesnasvacinka.cz\/?s={search_term_string}\"},\"query-input\":{\"@type\":\"PropertyValueSpecification\",\"valueRequired\":true,\"valueName\":\"search_term_string\"}}],\"inLanguage\":\"en-US\"},{\"@type\":\"Organization\",\"@id\":\"https:\/\/www.ovesnasvacinka.cz\/#organization\",\"name\":\"Ovesn\u00e1 Sva\u010dinka\",\"url\":\"https:\/\/www.ovesnasvacinka.cz\/\",\"logo\":{\"@type\":\"ImageObject\",\"inLanguage\":\"en-US\",\"@id\":\"https:\/\/www.ovesnasvacinka.cz\/#\/schema\/logo\/image\/\",\"url\":\"https:\/\/www.ovesnasvacinka.cz\/wp-content\/uploads\/2022\/09\/logo_ok.png\",\"contentUrl\":\"https:\/\/www.ovesnasvacinka.cz\/wp-content\/uploads\/2022\/09\/logo_ok.png\",\"width\":704,\"height\":159,\"caption\":\"Ovesn\u00e1 Sva\u010dinka\"},\"image\":{\"@id\":\"https:\/\/www.ovesnasvacinka.cz\/#\/schema\/logo\/image\/\"},\"sameAs\":[\"https:\/\/www.facebook.com\/profile.php?id=100086741557523\",\"https:\/\/www.instagram.com\/ovesnasvacinka\/\"]}]}<\/script>\n<!-- \/ Yoast SEO plugin. -->","yoast_head_json":{"title":"Mini Roz\u00e1rky s t\u0159e\u0161\u0148ovou n\u00e1pln\u00ed polom\u00e1\u010den\u00e9 - 55g | Ovesn\u00e1 Sva\u010dinka","description":"Produkt obsahuje karton s 49 kusy.","robots":{"index":"index","follow":"follow","max-snippet":"max-snippet:-1","max-image-preview":"max-image-preview:large","max-video-preview":"max-video-preview:-1"},"canonical":"https:\/\/www.ovesnasvacinka.cz\/en\/product\/mini-rozarky-s-tresnovou-naplni-polomacene-55g-kopirovat\/","og_locale":"en_US","og_type":"article","og_title":"Mini Roz\u00e1rky s t\u0159e\u0161\u0148ovou n\u00e1pln\u00ed polom\u00e1\u010den\u00e9 - 55g | Ovesn\u00e1 Sva\u010dinka","og_description":"Produkt obsahuje karton s 49 kusy.","og_url":"https:\/\/www.ovesnasvacinka.cz\/en\/product\/mini-rozarky-s-tresnovou-naplni-polomacene-55g-kopirovat\/","og_site_name":"Ovesn\u00e1 Sva\u010dinka","article_publisher":"https:\/\/www.facebook.com\/profile.php?id=100086741557523","article_modified_time":"2026-04-18T03:20:51+00:00","og_image":[{"width":881,"height":766,"url":"https:\/\/www.ovesnasvacinka.cz\/wp-content\/uploads\/2026\/03\/mini-rozarky-cervene.webp","type":"image\/webp"}],"twitter_card":"summary_large_image","twitter_misc":{"Est. reading time":"1 minute"},"schema":{"@context":"https:\/\/schema.org","@graph":[{"@type":"WebPage","@id":"https:\/\/www.ovesnasvacinka.cz\/product\/mini-rozarky-s-tresnovou-naplni-polomacene-55g-kopirovat\/","url":"https:\/\/www.ovesnasvacinka.cz\/product\/mini-rozarky-s-tresnovou-naplni-polomacene-55g-kopirovat\/","name":"Mini Roz\u00e1rky s t\u0159e\u0161\u0148ovou n\u00e1pln\u00ed polom\u00e1\u010den\u00e9 - 55g | Ovesn\u00e1 Sva\u010dinka","isPartOf":{"@id":"https:\/\/www.ovesnasvacinka.cz\/#website"},"primaryImageOfPage":{"@id":"https:\/\/www.ovesnasvacinka.cz\/product\/mini-rozarky-s-tresnovou-naplni-polomacene-55g-kopirovat\/#primaryimage"},"image":{"@id":"https:\/\/www.ovesnasvacinka.cz\/product\/mini-rozarky-s-tresnovou-naplni-polomacene-55g-kopirovat\/#primaryimage"},"thumbnailUrl":"https:\/\/www.ovesnasvacinka.cz\/wp-content\/uploads\/2026\/03\/mini-rozarky-cervene.webp","datePublished":"2026-03-23T12:16:34+00:00","dateModified":"2026-04-18T03:20:51+00:00","description":"Produkt obsahuje karton s 49 kusy.","breadcrumb":{"@id":"https:\/\/www.ovesnasvacinka.cz\/product\/mini-rozarky-s-tresnovou-naplni-polomacene-55g-kopirovat\/#breadcrumb"},"inLanguage":"en-US","potentialAction":[{"@type":"ReadAction","target":["https:\/\/www.ovesnasvacinka.cz\/product\/mini-rozarky-s-tresnovou-naplni-polomacene-55g-kopirovat\/"]}]},{"@type":"ImageObject","inLanguage":"en-US","@id":"https:\/\/www.ovesnasvacinka.cz\/product\/mini-rozarky-s-tresnovou-naplni-polomacene-55g-kopirovat\/#primaryimage","url":"https:\/\/www.ovesnasvacinka.cz\/wp-content\/uploads\/2026\/03\/mini-rozarky-cervene.webp","contentUrl":"https:\/\/www.ovesnasvacinka.cz\/wp-content\/uploads\/2026\/03\/mini-rozarky-cervene.webp","width":881,"height":766},{"@type":"BreadcrumbList","@id":"https:\/\/www.ovesnasvacinka.cz\/product\/mini-rozarky-s-tresnovou-naplni-polomacene-55g-kopirovat\/#breadcrumb","itemListElement":[{"@type":"ListItem","position":1,"name":"Home","item":"https:\/\/www.ovesnasvacinka.cz\/"},{"@type":"ListItem","position":2,"name":"Shop","item":"https:\/\/www.ovesnasvacinka.cz\/shop\/"},{"@type":"ListItem","position":3,"name":"Mini Roz\u00e1rky s t\u0159e\u0161\u0148ovou n\u00e1pln\u00ed polom\u00e1\u010den\u00e9 &#8211; 55g"}]},{"@type":"WebSite","@id":"https:\/\/www.ovesnasvacinka.cz\/#website","url":"https:\/\/www.ovesnasvacinka.cz\/","name":"Ovesn\u00e1 Sva\u010dinka","description":"Sva\u010dinka pro ka\u017edou p\u0159\u00edle\u017eitost","publisher":{"@id":"https:\/\/www.ovesnasvacinka.cz\/#organization"},"potentialAction":[{"@type":"SearchAction","target":{"@type":"EntryPoint","urlTemplate":"https:\/\/www.ovesnasvacinka.cz\/?s={search_term_string}"},"query-input":{"@type":"PropertyValueSpecification","valueRequired":true,"valueName":"search_term_string"}}],"inLanguage":"en-US"},{"@type":"Organization","@id":"https:\/\/www.ovesnasvacinka.cz\/#organization","name":"Ovesn\u00e1 Sva\u010dinka","url":"https:\/\/www.ovesnasvacinka.cz\/","logo":{"@type":"ImageObject","inLanguage":"en-US","@id":"https:\/\/www.ovesnasvacinka.cz\/#\/schema\/logo\/image\/","url":"https:\/\/www.ovesnasvacinka.cz\/wp-content\/uploads\/2022\/09\/logo_ok.png","contentUrl":"https:\/\/www.ovesnasvacinka.cz\/wp-content\/uploads\/2022\/09\/logo_ok.png","width":704,"height":159,"caption":"Ovesn\u00e1 Sva\u010dinka"},"image":{"@id":"https:\/\/www.ovesnasvacinka.cz\/#\/schema\/logo\/image\/"},"sameAs":["https:\/\/www.facebook.com\/profile.php?id=100086741557523","https:\/\/www.instagram.com\/ovesnasvacinka\/"]}]}},"_links":{"self":[{"href":"https:\/\/www.ovesnasvacinka.cz\/en\/wp-json\/wp\/v2\/product\/2161","targetHints":{"allow":["GET"]}}],"collection":[{"href":"https:\/\/www.ovesnasvacinka.cz\/en\/wp-json\/wp\/v2\/product"}],"about":[{"href":"https:\/\/www.ovesnasvacinka.cz\/en\/wp-json\/wp\/v2\/types\/product"}],"replies":[{"embeddable":true,"href":"https:\/\/www.ovesnasvacinka.cz\/en\/wp-json\/wp\/v2\/comments?post=2161"}],"wp:featuredmedia":[{"embeddable":true,"href":"https:\/\/www.ovesnasvacinka.cz\/en\/wp-json\/wp\/v2\/media\/2162"}],"wp:attachment":[{"href":"https:\/\/www.ovesnasvacinka.cz\/en\/wp-json\/wp\/v2\/media?parent=2161"}],"wp:term":[{"taxonomy":"product_brand","embeddable":true,"href":"https:\/\/www.ovesnasvacinka.cz\/en\/wp-json\/wp\/v2\/product_brand?post=2161"},{"taxonomy":"product_cat","embeddable":true,"href":"https:\/\/www.ovesnasvacinka.cz\/en\/wp-json\/wp\/v2\/product_cat?post=2161"},{"taxonomy":"product_tag","embeddable":true,"href":"https:\/\/www.ovesnasvacinka.cz\/en\/wp-json\/wp\/v2\/product_tag?post=2161"}],"curies":[{"name":"wp","href":"https:\/\/api.w.org\/{rel}","templated":true}]}}