{"id":201,"date":"2022-08-16T10:29:52","date_gmt":"2022-08-16T10:29:52","guid":{"rendered":"https:\/\/www.ovesnasvacinka.cz\/?post_type=product&#038;p=201"},"modified":"2026-04-02T09:34:55","modified_gmt":"2026-04-02T09:34:55","slug":"rozarky-merunkove-140g","status":"publish","type":"product","link":"https:\/\/www.ovesnasvacinka.cz\/en\/product\/rozarky-merunkove-140g\/","title":{"rendered":"Karton Roz\u00e1rky meru\u0148kov\u00e9 140g"},"content":{"rendered":"<p><strong>Roz\u00e1rky meru\u0148kov\u00e9 140g<\/strong><\/p>\n<p>Slo\u017een\u00ed: <span style=\"text-decoration: underline;\">P\u0161eni\u010dn\u00e1<\/span> mouka, rostlinn\u00e9 tuky ( \u0159epkov\u00fd, slune\u010dnicov\u00fd, \u010d\u00e1ste\u010dn\u011b ztu\u017een\u00fd \u0159epkov\u00fd, palmov\u00fd v r\u016fzn\u00fdch pom\u011brech), meru\u0148kov\u00e1 n\u00e1pl\u0148 min 20% [<span style=\"text-decoration: underline;\"><em>gluk\u00f3zo<\/em><\/span><em>-frukt\u00f3zov\u00fd sirup , meru\u0148kov\u00e9 pyr\u00e9 min 8%, cukr, \u017eeliruj\u00edc\u00ed l\u00e1tky (pektin, algin\u00e1t sodn\u00fd,E450iii), regul\u00e1tor kyselosti (kyselina citronov\u00e1) , konzervant (<span style=\"text-decoration: underline;\">kyselina sorbov\u00e1<\/span>), barviva (beta-karoten, E150a)<\/em>], cukr, su\u0161en\u00e9 <span style=\"text-decoration: underline;\">ml\u00e9ko<\/span>, <span style=\"text-decoration: underline;\">gluk\u00f3zov\u00fd<\/span> sirup, dextr\u00f3za, fermentovan\u00e9 <span style=\"text-decoration: underline;\">ml\u00e9ko<\/span>, jedl\u00e1 s\u016fl, emulg\u00e1tory(slun\u010dnicov\u00fd lecitin, mono a dygliceridy mastn\u00fdch kyselin, E472), aroma.\u00a0\u00a0 V\u00fdrobek m\u016f\u017ee obsahovat <span style=\"text-decoration: underline;\">ara\u0161\u00eddy, sezam a jin\u00e9 o\u0159echy. <\/span><\/p>\n<h4><strong>V\u00fd\u017eivov\u00e9 hodnoty\/ V\u00fd\u017eivov\u00e1 hodnota na 100 g v\u00fdrobku:<\/strong><\/h4>\n<p>Energetick\u00e1 hodnota\/Energetick\u00e1 hodnota: 1775kJ \/ 423kcal<br \/>\nTuky \/ Tuky:\u00a0 20g\u00a0 \u00a0z toho nasycen\u00e9 mastn\u00e9 kyseliny \/ z toho nas\u00fdten\u00e9 mastn\u00e9 kyseliny 5,2g<br \/>\nSacharidy \/ Sacharidy:\u00a0 54g\u00a0 z toho cukry\/ z toho cukry 24g<br \/>\nVl\u00e1knina \/ Vl\u00e1knina: 1,3g<br \/>\nB\u00edlkoviny \/ Bielkoviny: 5,2g<br \/>\nS\u016fl \/ So\u013e: 0,2g<\/p>","protected":false},"excerpt":{"rendered":"<p>K\u0159ehk\u00e9 \u010dajov\u00e9 pe\u010divo s velkou porc\u00ed meru\u0148kov\u00e9 n\u00e1pln\u011b. Balen\u00ed obsahuje karton s 16 ks s hmotnost\u00ed jednoho kusu 140 g.<\/p>\n<p>Cena jednoho kusu je 18,70 K\u010d.<\/p>","protected":false},"featured_media":279,"comment_status":"open","ping_status":"closed","template":"","meta":{"_monsterinsights_skip_tracking":false,"_monsterinsights_sitenote_active":false,"_monsterinsights_sitenote_note":"","_monsterinsights_sitenote_category":0},"product_brand":[],"product_cat":[20],"product_tag":[],"class_list":{"0":"post-201","1":"product","2":"type-product","3":"status-publish","4":"has-post-thumbnail","6":"product_cat-rozarky","8":"first","9":"instock","10":"shipping-taxable","11":"purchasable","12":"product-type-simple"},"yoast_head":"<!-- This site is optimized with the Yoast SEO plugin v25.3 - https:\/\/yoast.com\/wordpress\/plugins\/seo\/ -->\n<title>Karton Roz\u00e1rky meru\u0148kov\u00e9 140g | Ovesn\u00e1 Sva\u010dinka<\/title>\n<meta name=\"description\" content=\"K\u0159ehk\u00e9 \u010dajov\u00e9 pe\u010divo s velkou porc\u00ed meru\u0148kov\u00e9 n\u00e1pln\u011b. Balen\u00ed obsahuje karton s 16 ks s hmotnost\u00ed jednoho kusu 140 g.  Cena jednoho kusu je 18,70 K\u010d.\" \/>\n<meta name=\"robots\" content=\"index, follow, max-snippet:-1, max-image-preview:large, max-video-preview:-1\" \/>\n<link rel=\"canonical\" href=\"https:\/\/www.ovesnasvacinka.cz\/en\/product\/rozarky-merunkove-140g\/\" \/>\n<meta property=\"og:locale\" content=\"en_US\" \/>\n<meta property=\"og:type\" content=\"article\" \/>\n<meta property=\"og:title\" content=\"Karton Roz\u00e1rky meru\u0148kov\u00e9 140g | Ovesn\u00e1 Sva\u010dinka\" \/>\n<meta property=\"og:description\" content=\"K\u0159ehk\u00e9 \u010dajov\u00e9 pe\u010divo s velkou porc\u00ed meru\u0148kov\u00e9 n\u00e1pln\u011b. Balen\u00ed obsahuje karton s 16 ks s hmotnost\u00ed jednoho kusu 140 g.  Cena jednoho kusu je 18,70 K\u010d.\" \/>\n<meta property=\"og:url\" content=\"https:\/\/www.ovesnasvacinka.cz\/en\/product\/rozarky-merunkove-140g\/\" \/>\n<meta property=\"og:site_name\" content=\"Ovesn\u00e1 Sva\u010dinka\" \/>\n<meta property=\"article:publisher\" content=\"https:\/\/www.facebook.com\/profile.php?id=100086741557523\" \/>\n<meta property=\"article:modified_time\" content=\"2026-04-02T09:34:55+00:00\" \/>\n<meta property=\"og:image\" content=\"https:\/\/www.ovesnasvacinka.cz\/wp-content\/uploads\/2022\/08\/rozarky_merunka_2.jpg\" \/>\n\t<meta property=\"og:image:width\" content=\"800\" \/>\n\t<meta property=\"og:image:height\" content=\"766\" \/>\n\t<meta property=\"og:image:type\" content=\"image\/jpeg\" \/>\n<meta name=\"twitter:card\" content=\"summary_large_image\" \/>\n<meta name=\"twitter:label1\" content=\"Est. reading time\" \/>\n\t<meta name=\"twitter:data1\" content=\"1 minute\" \/>\n<script type=\"application\/ld+json\" class=\"yoast-schema-graph\">{\"@context\":\"https:\/\/schema.org\",\"@graph\":[{\"@type\":\"WebPage\",\"@id\":\"https:\/\/www.ovesnasvacinka.cz\/product\/rozarky-merunkove-140g\/\",\"url\":\"https:\/\/www.ovesnasvacinka.cz\/product\/rozarky-merunkove-140g\/\",\"name\":\"Karton Roz\u00e1rky meru\u0148kov\u00e9 140g | Ovesn\u00e1 Sva\u010dinka\",\"isPartOf\":{\"@id\":\"https:\/\/www.ovesnasvacinka.cz\/#website\"},\"primaryImageOfPage\":{\"@id\":\"https:\/\/www.ovesnasvacinka.cz\/product\/rozarky-merunkove-140g\/#primaryimage\"},\"image\":{\"@id\":\"https:\/\/www.ovesnasvacinka.cz\/product\/rozarky-merunkove-140g\/#primaryimage\"},\"thumbnailUrl\":\"https:\/\/www.ovesnasvacinka.cz\/wp-content\/uploads\/2022\/08\/rozarky_merunka_2.jpg\",\"datePublished\":\"2022-08-16T10:29:52+00:00\",\"dateModified\":\"2026-04-02T09:34:55+00:00\",\"description\":\"K\u0159ehk\u00e9 \u010dajov\u00e9 pe\u010divo s velkou porc\u00ed meru\u0148kov\u00e9 n\u00e1pln\u011b. Balen\u00ed obsahuje karton s 16 ks s hmotnost\u00ed jednoho kusu 140 g. Cena jednoho kusu je 18,70 K\u010d.\",\"breadcrumb\":{\"@id\":\"https:\/\/www.ovesnasvacinka.cz\/product\/rozarky-merunkove-140g\/#breadcrumb\"},\"inLanguage\":\"en-US\",\"potentialAction\":[{\"@type\":\"ReadAction\",\"target\":[\"https:\/\/www.ovesnasvacinka.cz\/product\/rozarky-merunkove-140g\/\"]}]},{\"@type\":\"ImageObject\",\"inLanguage\":\"en-US\",\"@id\":\"https:\/\/www.ovesnasvacinka.cz\/product\/rozarky-merunkove-140g\/#primaryimage\",\"url\":\"https:\/\/www.ovesnasvacinka.cz\/wp-content\/uploads\/2022\/08\/rozarky_merunka_2.jpg\",\"contentUrl\":\"https:\/\/www.ovesnasvacinka.cz\/wp-content\/uploads\/2022\/08\/rozarky_merunka_2.jpg\",\"width\":800,\"height\":766},{\"@type\":\"BreadcrumbList\",\"@id\":\"https:\/\/www.ovesnasvacinka.cz\/product\/rozarky-merunkove-140g\/#breadcrumb\",\"itemListElement\":[{\"@type\":\"ListItem\",\"position\":1,\"name\":\"Home\",\"item\":\"https:\/\/www.ovesnasvacinka.cz\/\"},{\"@type\":\"ListItem\",\"position\":2,\"name\":\"Shop\",\"item\":\"https:\/\/www.ovesnasvacinka.cz\/shop\/\"},{\"@type\":\"ListItem\",\"position\":3,\"name\":\"Karton Roz\u00e1rky meru\u0148kov\u00e9 140g\"}]},{\"@type\":\"WebSite\",\"@id\":\"https:\/\/www.ovesnasvacinka.cz\/#website\",\"url\":\"https:\/\/www.ovesnasvacinka.cz\/\",\"name\":\"Ovesn\u00e1 Sva\u010dinka\",\"description\":\"Sva\u010dinka pro ka\u017edou p\u0159\u00edle\u017eitost\",\"publisher\":{\"@id\":\"https:\/\/www.ovesnasvacinka.cz\/#organization\"},\"potentialAction\":[{\"@type\":\"SearchAction\",\"target\":{\"@type\":\"EntryPoint\",\"urlTemplate\":\"https:\/\/www.ovesnasvacinka.cz\/?s={search_term_string}\"},\"query-input\":{\"@type\":\"PropertyValueSpecification\",\"valueRequired\":true,\"valueName\":\"search_term_string\"}}],\"inLanguage\":\"en-US\"},{\"@type\":\"Organization\",\"@id\":\"https:\/\/www.ovesnasvacinka.cz\/#organization\",\"name\":\"Ovesn\u00e1 Sva\u010dinka\",\"url\":\"https:\/\/www.ovesnasvacinka.cz\/\",\"logo\":{\"@type\":\"ImageObject\",\"inLanguage\":\"en-US\",\"@id\":\"https:\/\/www.ovesnasvacinka.cz\/#\/schema\/logo\/image\/\",\"url\":\"https:\/\/www.ovesnasvacinka.cz\/wp-content\/uploads\/2022\/09\/logo_ok.png\",\"contentUrl\":\"https:\/\/www.ovesnasvacinka.cz\/wp-content\/uploads\/2022\/09\/logo_ok.png\",\"width\":704,\"height\":159,\"caption\":\"Ovesn\u00e1 Sva\u010dinka\"},\"image\":{\"@id\":\"https:\/\/www.ovesnasvacinka.cz\/#\/schema\/logo\/image\/\"},\"sameAs\":[\"https:\/\/www.facebook.com\/profile.php?id=100086741557523\",\"https:\/\/www.instagram.com\/ovesnasvacinka\/\"]}]}<\/script>\n<!-- \/ Yoast SEO plugin. -->","yoast_head_json":{"title":"Karton Roz\u00e1rky meru\u0148kov\u00e9 140g | Ovesn\u00e1 Sva\u010dinka","description":"K\u0159ehk\u00e9 \u010dajov\u00e9 pe\u010divo s velkou porc\u00ed meru\u0148kov\u00e9 n\u00e1pln\u011b. Balen\u00ed obsahuje karton s 16 ks s hmotnost\u00ed jednoho kusu 140 g.  Cena jednoho kusu je 18,70 K\u010d.","robots":{"index":"index","follow":"follow","max-snippet":"max-snippet:-1","max-image-preview":"max-image-preview:large","max-video-preview":"max-video-preview:-1"},"canonical":"https:\/\/www.ovesnasvacinka.cz\/en\/product\/rozarky-merunkove-140g\/","og_locale":"en_US","og_type":"article","og_title":"Karton Roz\u00e1rky meru\u0148kov\u00e9 140g | Ovesn\u00e1 Sva\u010dinka","og_description":"K\u0159ehk\u00e9 \u010dajov\u00e9 pe\u010divo s velkou porc\u00ed meru\u0148kov\u00e9 n\u00e1pln\u011b. Balen\u00ed obsahuje karton s 16 ks s hmotnost\u00ed jednoho kusu 140 g.  Cena jednoho kusu je 18,70 K\u010d.","og_url":"https:\/\/www.ovesnasvacinka.cz\/en\/product\/rozarky-merunkove-140g\/","og_site_name":"Ovesn\u00e1 Sva\u010dinka","article_publisher":"https:\/\/www.facebook.com\/profile.php?id=100086741557523","article_modified_time":"2026-04-02T09:34:55+00:00","og_image":[{"width":800,"height":766,"url":"https:\/\/www.ovesnasvacinka.cz\/wp-content\/uploads\/2022\/08\/rozarky_merunka_2.jpg","type":"image\/jpeg"}],"twitter_card":"summary_large_image","twitter_misc":{"Est. reading time":"1 minute"},"schema":{"@context":"https:\/\/schema.org","@graph":[{"@type":"WebPage","@id":"https:\/\/www.ovesnasvacinka.cz\/product\/rozarky-merunkove-140g\/","url":"https:\/\/www.ovesnasvacinka.cz\/product\/rozarky-merunkove-140g\/","name":"Karton Roz\u00e1rky meru\u0148kov\u00e9 140g | Ovesn\u00e1 Sva\u010dinka","isPartOf":{"@id":"https:\/\/www.ovesnasvacinka.cz\/#website"},"primaryImageOfPage":{"@id":"https:\/\/www.ovesnasvacinka.cz\/product\/rozarky-merunkove-140g\/#primaryimage"},"image":{"@id":"https:\/\/www.ovesnasvacinka.cz\/product\/rozarky-merunkove-140g\/#primaryimage"},"thumbnailUrl":"https:\/\/www.ovesnasvacinka.cz\/wp-content\/uploads\/2022\/08\/rozarky_merunka_2.jpg","datePublished":"2022-08-16T10:29:52+00:00","dateModified":"2026-04-02T09:34:55+00:00","description":"K\u0159ehk\u00e9 \u010dajov\u00e9 pe\u010divo s velkou porc\u00ed meru\u0148kov\u00e9 n\u00e1pln\u011b. Balen\u00ed obsahuje karton s 16 ks s hmotnost\u00ed jednoho kusu 140 g. Cena jednoho kusu je 18,70 K\u010d.","breadcrumb":{"@id":"https:\/\/www.ovesnasvacinka.cz\/product\/rozarky-merunkove-140g\/#breadcrumb"},"inLanguage":"en-US","potentialAction":[{"@type":"ReadAction","target":["https:\/\/www.ovesnasvacinka.cz\/product\/rozarky-merunkove-140g\/"]}]},{"@type":"ImageObject","inLanguage":"en-US","@id":"https:\/\/www.ovesnasvacinka.cz\/product\/rozarky-merunkove-140g\/#primaryimage","url":"https:\/\/www.ovesnasvacinka.cz\/wp-content\/uploads\/2022\/08\/rozarky_merunka_2.jpg","contentUrl":"https:\/\/www.ovesnasvacinka.cz\/wp-content\/uploads\/2022\/08\/rozarky_merunka_2.jpg","width":800,"height":766},{"@type":"BreadcrumbList","@id":"https:\/\/www.ovesnasvacinka.cz\/product\/rozarky-merunkove-140g\/#breadcrumb","itemListElement":[{"@type":"ListItem","position":1,"name":"Home","item":"https:\/\/www.ovesnasvacinka.cz\/"},{"@type":"ListItem","position":2,"name":"Shop","item":"https:\/\/www.ovesnasvacinka.cz\/shop\/"},{"@type":"ListItem","position":3,"name":"Karton Roz\u00e1rky meru\u0148kov\u00e9 140g"}]},{"@type":"WebSite","@id":"https:\/\/www.ovesnasvacinka.cz\/#website","url":"https:\/\/www.ovesnasvacinka.cz\/","name":"Ovesn\u00e1 Sva\u010dinka","description":"Sva\u010dinka pro ka\u017edou p\u0159\u00edle\u017eitost","publisher":{"@id":"https:\/\/www.ovesnasvacinka.cz\/#organization"},"potentialAction":[{"@type":"SearchAction","target":{"@type":"EntryPoint","urlTemplate":"https:\/\/www.ovesnasvacinka.cz\/?s={search_term_string}"},"query-input":{"@type":"PropertyValueSpecification","valueRequired":true,"valueName":"search_term_string"}}],"inLanguage":"en-US"},{"@type":"Organization","@id":"https:\/\/www.ovesnasvacinka.cz\/#organization","name":"Ovesn\u00e1 Sva\u010dinka","url":"https:\/\/www.ovesnasvacinka.cz\/","logo":{"@type":"ImageObject","inLanguage":"en-US","@id":"https:\/\/www.ovesnasvacinka.cz\/#\/schema\/logo\/image\/","url":"https:\/\/www.ovesnasvacinka.cz\/wp-content\/uploads\/2022\/09\/logo_ok.png","contentUrl":"https:\/\/www.ovesnasvacinka.cz\/wp-content\/uploads\/2022\/09\/logo_ok.png","width":704,"height":159,"caption":"Ovesn\u00e1 Sva\u010dinka"},"image":{"@id":"https:\/\/www.ovesnasvacinka.cz\/#\/schema\/logo\/image\/"},"sameAs":["https:\/\/www.facebook.com\/profile.php?id=100086741557523","https:\/\/www.instagram.com\/ovesnasvacinka\/"]}]}},"_links":{"self":[{"href":"https:\/\/www.ovesnasvacinka.cz\/en\/wp-json\/wp\/v2\/product\/201","targetHints":{"allow":["GET"]}}],"collection":[{"href":"https:\/\/www.ovesnasvacinka.cz\/en\/wp-json\/wp\/v2\/product"}],"about":[{"href":"https:\/\/www.ovesnasvacinka.cz\/en\/wp-json\/wp\/v2\/types\/product"}],"replies":[{"embeddable":true,"href":"https:\/\/www.ovesnasvacinka.cz\/en\/wp-json\/wp\/v2\/comments?post=201"}],"wp:featuredmedia":[{"embeddable":true,"href":"https:\/\/www.ovesnasvacinka.cz\/en\/wp-json\/wp\/v2\/media\/279"}],"wp:attachment":[{"href":"https:\/\/www.ovesnasvacinka.cz\/en\/wp-json\/wp\/v2\/media?parent=201"}],"wp:term":[{"taxonomy":"product_brand","embeddable":true,"href":"https:\/\/www.ovesnasvacinka.cz\/en\/wp-json\/wp\/v2\/product_brand?post=201"},{"taxonomy":"product_cat","embeddable":true,"href":"https:\/\/www.ovesnasvacinka.cz\/en\/wp-json\/wp\/v2\/product_cat?post=201"},{"taxonomy":"product_tag","embeddable":true,"href":"https:\/\/www.ovesnasvacinka.cz\/en\/wp-json\/wp\/v2\/product_tag?post=201"}],"curies":[{"name":"wp","href":"https:\/\/api.w.org\/{rel}","templated":true}]}}