{"id":1937,"date":"2025-10-14T11:10:38","date_gmt":"2025-10-14T11:10:38","guid":{"rendered":"https:\/\/www.ovesnasvacinka.cz\/?post_type=product&#038;p=1937"},"modified":"2026-04-24T05:34:35","modified_gmt":"2026-04-24T05:34:35","slug":"super-protein-cookie-25g","status":"publish","type":"product","link":"https:\/\/www.ovesnasvacinka.cz\/en\/product\/super-protein-cookie-25g\/","title":{"rendered":"Super Protein Cookie 25g"},"content":{"rendered":"<p>Lahodn\u00e1 proteinov\u00e1 su\u0161enka s belgickou ho\u0159kou \u010dokol\u00e1dou, 40 % ovesn\u00e9 mouky a kvalitn\u00edm ml\u00e9\u010dn\u00fdm proteinem. P\u0159irozen\u00fd zdroj vl\u00e1kniny, m\u00e9n\u011b cukru, \u017e\u00e1dn\u00e1 p\u0161eni\u010dn\u00e1 mouka, \u017e\u00e1dn\u00fd palmov\u00fd tuk ani gluk\u00f3zo-frukt\u00f3zov\u00fd sirup. Chu\u0165 bez kompromis\u016f \u2013 ide\u00e1ln\u00ed pro ty, kte\u0159\u00ed cht\u011bj\u00ed mlsat chyt\u0159e.<\/p>\n<p>CZ: SUPER COOKIES s belgickou \u010dokol\u00e1dou , ovesn\u00fdmi vlo\u010dkami a proteinem.<\/p>\n<p>Slo\u017een\u00ed : Ovesn\u00e9 vlo\u010dky drcen\u00e9 40%, <span style=\"text-decoration: underline;\">ml\u00e9\u010dn\u00fd protein<\/span> 12%, belgick\u00e1 \u010dokol\u00e1da 10% (kakaov\u00e1 hmota, cukr, <span style=\"text-decoration: underline;\">s\u00f3jov\u00fd<\/span> lecitin \u2013 50% kakaov\u00e1 su\u0161ina), palmov\u00fd tuk, cukr, maltitol, plnotu\u010dn\u00e9 su\u0161en\u00e9 <span style=\"text-decoration: underline;\">ml\u00e9ko<\/span>, su\u0161en\u00e9 <span style=\"text-decoration: underline;\">vejce<\/span>, s\u016fl, kyp\u0159\u00edc\u00ed l\u00e1tky (hydrogenuhli\u010ditan amonn\u00fd, jedl\u00e1 soda), aroma. Trvanliv\u00e9 pe\u010divo.<\/p>\n<p><span style=\"text-decoration: underline;\">V\u00fdrobek m\u016f\u017ee obsahovat: sezam, ara\u0161\u00eddy a jin\u00e9 sko\u0159\u00e1pkov\u00e9 plody.<\/span><\/p>\n<p>Skladujte v suchu a p\u0159i teplot\u011b do 25 \u00baC . Doba minim\u00e1ln\u00ed trvanlivosti a \u010d\u00edslo \u0161ar\u017ee viz potisk na obale.<br \/>\nHmotnost : 25g<\/p>\n<p>ENERGETICK\u00c9 HODNOTY na 100g:<br \/>\n2213 kJ\/ 529 kcal,<br \/>\nTuky 25g z toho nasycen\u00e9 5,3g,<br \/>\nSacharidy 55g z toho cukry 17g,<br \/>\nB\u00edlkoviny 15g,<br \/>\nVl\u00e1knina 4,2g,<br \/>\nS\u016fl 0,4g<\/p>","protected":false},"excerpt":{"rendered":"<p>Lahodn\u00e1 proteinov\u00e1 su\u0161enka s belgickou ho\u0159kou \u010dokol\u00e1dou a kvalitn\u00edm ml\u00e9\u010dn\u00fdm proteinem.<br \/>\nProdukt obsahuje karton s 15 kusy.<\/p>","protected":false},"featured_media":1938,"comment_status":"open","ping_status":"closed","template":"","meta":{"_monsterinsights_skip_tracking":false,"_monsterinsights_sitenote_active":false,"_monsterinsights_sitenote_note":"","_monsterinsights_sitenote_category":0},"product_brand":[],"product_cat":[24],"product_tag":[],"class_list":{"0":"post-1937","1":"product","2":"type-product","3":"status-publish","4":"has-post-thumbnail","6":"product_cat-protein-cookies","8":"first","9":"instock","10":"shipping-taxable","11":"purchasable","12":"product-type-simple"},"yoast_head":"<!-- This site is optimized with the Yoast SEO plugin v25.3 - https:\/\/yoast.com\/wordpress\/plugins\/seo\/ -->\n<title>Super Protein Cookie 25g | Ovesn\u00e1 Sva\u010dinka<\/title>\n<meta name=\"description\" content=\"Lahodn\u00e1 proteinov\u00e1 su\u0161enka s belgickou ho\u0159kou \u010dokol\u00e1dou a kvalitn\u00edm ml\u00e9\u010dn\u00fdm proteinem. Produkt obsahuje karton s 15 kusy.\" \/>\n<meta name=\"robots\" content=\"index, follow, max-snippet:-1, max-image-preview:large, max-video-preview:-1\" \/>\n<link rel=\"canonical\" href=\"https:\/\/www.ovesnasvacinka.cz\/en\/product\/super-protein-cookie-25g\/\" \/>\n<meta property=\"og:locale\" content=\"en_US\" \/>\n<meta property=\"og:type\" content=\"article\" \/>\n<meta property=\"og:title\" content=\"Super Protein Cookie 25g | Ovesn\u00e1 Sva\u010dinka\" \/>\n<meta property=\"og:description\" content=\"Lahodn\u00e1 proteinov\u00e1 su\u0161enka s belgickou ho\u0159kou \u010dokol\u00e1dou a kvalitn\u00edm ml\u00e9\u010dn\u00fdm proteinem. Produkt obsahuje karton s 15 kusy.\" \/>\n<meta property=\"og:url\" content=\"https:\/\/www.ovesnasvacinka.cz\/en\/product\/super-protein-cookie-25g\/\" \/>\n<meta property=\"og:site_name\" content=\"Ovesn\u00e1 Sva\u010dinka\" \/>\n<meta property=\"article:publisher\" content=\"https:\/\/www.facebook.com\/profile.php?id=100086741557523\" \/>\n<meta property=\"article:modified_time\" content=\"2026-04-24T05:34:35+00:00\" \/>\n<meta property=\"og:image\" content=\"https:\/\/www.ovesnasvacinka.cz\/wp-content\/uploads\/2025\/10\/protein-cookies.webp\" \/>\n\t<meta property=\"og:image:width\" content=\"800\" \/>\n\t<meta property=\"og:image:height\" content=\"766\" \/>\n\t<meta property=\"og:image:type\" content=\"image\/webp\" \/>\n<meta name=\"twitter:card\" content=\"summary_large_image\" \/>\n<meta name=\"twitter:label1\" content=\"Est. reading time\" \/>\n\t<meta name=\"twitter:data1\" content=\"1 minute\" \/>\n<script type=\"application\/ld+json\" class=\"yoast-schema-graph\">{\"@context\":\"https:\/\/schema.org\",\"@graph\":[{\"@type\":\"WebPage\",\"@id\":\"https:\/\/www.ovesnasvacinka.cz\/product\/super-protein-cookie-25g\/\",\"url\":\"https:\/\/www.ovesnasvacinka.cz\/product\/super-protein-cookie-25g\/\",\"name\":\"Super Protein Cookie 25g | Ovesn\u00e1 Sva\u010dinka\",\"isPartOf\":{\"@id\":\"https:\/\/www.ovesnasvacinka.cz\/#website\"},\"primaryImageOfPage\":{\"@id\":\"https:\/\/www.ovesnasvacinka.cz\/product\/super-protein-cookie-25g\/#primaryimage\"},\"image\":{\"@id\":\"https:\/\/www.ovesnasvacinka.cz\/product\/super-protein-cookie-25g\/#primaryimage\"},\"thumbnailUrl\":\"https:\/\/www.ovesnasvacinka.cz\/wp-content\/uploads\/2025\/10\/protein-cookies.webp\",\"datePublished\":\"2025-10-14T11:10:38+00:00\",\"dateModified\":\"2026-04-24T05:34:35+00:00\",\"description\":\"Lahodn\u00e1 proteinov\u00e1 su\u0161enka s belgickou ho\u0159kou \u010dokol\u00e1dou a kvalitn\u00edm ml\u00e9\u010dn\u00fdm proteinem. Produkt obsahuje karton s 15 kusy.\",\"breadcrumb\":{\"@id\":\"https:\/\/www.ovesnasvacinka.cz\/product\/super-protein-cookie-25g\/#breadcrumb\"},\"inLanguage\":\"en-US\",\"potentialAction\":[{\"@type\":\"ReadAction\",\"target\":[\"https:\/\/www.ovesnasvacinka.cz\/product\/super-protein-cookie-25g\/\"]}]},{\"@type\":\"ImageObject\",\"inLanguage\":\"en-US\",\"@id\":\"https:\/\/www.ovesnasvacinka.cz\/product\/super-protein-cookie-25g\/#primaryimage\",\"url\":\"https:\/\/www.ovesnasvacinka.cz\/wp-content\/uploads\/2025\/10\/protein-cookies.webp\",\"contentUrl\":\"https:\/\/www.ovesnasvacinka.cz\/wp-content\/uploads\/2025\/10\/protein-cookies.webp\",\"width\":800,\"height\":766,\"caption\":\"Protein Cookies\"},{\"@type\":\"BreadcrumbList\",\"@id\":\"https:\/\/www.ovesnasvacinka.cz\/product\/super-protein-cookie-25g\/#breadcrumb\",\"itemListElement\":[{\"@type\":\"ListItem\",\"position\":1,\"name\":\"Home\",\"item\":\"https:\/\/www.ovesnasvacinka.cz\/\"},{\"@type\":\"ListItem\",\"position\":2,\"name\":\"Shop\",\"item\":\"https:\/\/www.ovesnasvacinka.cz\/shop\/\"},{\"@type\":\"ListItem\",\"position\":3,\"name\":\"Super Protein Cookie 25g\"}]},{\"@type\":\"WebSite\",\"@id\":\"https:\/\/www.ovesnasvacinka.cz\/#website\",\"url\":\"https:\/\/www.ovesnasvacinka.cz\/\",\"name\":\"Ovesn\u00e1 Sva\u010dinka\",\"description\":\"Sva\u010dinka pro ka\u017edou p\u0159\u00edle\u017eitost\",\"publisher\":{\"@id\":\"https:\/\/www.ovesnasvacinka.cz\/#organization\"},\"potentialAction\":[{\"@type\":\"SearchAction\",\"target\":{\"@type\":\"EntryPoint\",\"urlTemplate\":\"https:\/\/www.ovesnasvacinka.cz\/?s={search_term_string}\"},\"query-input\":{\"@type\":\"PropertyValueSpecification\",\"valueRequired\":true,\"valueName\":\"search_term_string\"}}],\"inLanguage\":\"en-US\"},{\"@type\":\"Organization\",\"@id\":\"https:\/\/www.ovesnasvacinka.cz\/#organization\",\"name\":\"Ovesn\u00e1 Sva\u010dinka\",\"url\":\"https:\/\/www.ovesnasvacinka.cz\/\",\"logo\":{\"@type\":\"ImageObject\",\"inLanguage\":\"en-US\",\"@id\":\"https:\/\/www.ovesnasvacinka.cz\/#\/schema\/logo\/image\/\",\"url\":\"https:\/\/www.ovesnasvacinka.cz\/wp-content\/uploads\/2022\/09\/logo_ok.png\",\"contentUrl\":\"https:\/\/www.ovesnasvacinka.cz\/wp-content\/uploads\/2022\/09\/logo_ok.png\",\"width\":704,\"height\":159,\"caption\":\"Ovesn\u00e1 Sva\u010dinka\"},\"image\":{\"@id\":\"https:\/\/www.ovesnasvacinka.cz\/#\/schema\/logo\/image\/\"},\"sameAs\":[\"https:\/\/www.facebook.com\/profile.php?id=100086741557523\",\"https:\/\/www.instagram.com\/ovesnasvacinka\/\"]}]}<\/script>\n<!-- \/ Yoast SEO plugin. -->","yoast_head_json":{"title":"Super Protein Cookie 25g | Ovesn\u00e1 Sva\u010dinka","description":"Lahodn\u00e1 proteinov\u00e1 su\u0161enka s belgickou ho\u0159kou \u010dokol\u00e1dou a kvalitn\u00edm ml\u00e9\u010dn\u00fdm proteinem. Produkt obsahuje karton s 15 kusy.","robots":{"index":"index","follow":"follow","max-snippet":"max-snippet:-1","max-image-preview":"max-image-preview:large","max-video-preview":"max-video-preview:-1"},"canonical":"https:\/\/www.ovesnasvacinka.cz\/en\/product\/super-protein-cookie-25g\/","og_locale":"en_US","og_type":"article","og_title":"Super Protein Cookie 25g | Ovesn\u00e1 Sva\u010dinka","og_description":"Lahodn\u00e1 proteinov\u00e1 su\u0161enka s belgickou ho\u0159kou \u010dokol\u00e1dou a kvalitn\u00edm ml\u00e9\u010dn\u00fdm proteinem. Produkt obsahuje karton s 15 kusy.","og_url":"https:\/\/www.ovesnasvacinka.cz\/en\/product\/super-protein-cookie-25g\/","og_site_name":"Ovesn\u00e1 Sva\u010dinka","article_publisher":"https:\/\/www.facebook.com\/profile.php?id=100086741557523","article_modified_time":"2026-04-24T05:34:35+00:00","og_image":[{"width":800,"height":766,"url":"https:\/\/www.ovesnasvacinka.cz\/wp-content\/uploads\/2025\/10\/protein-cookies.webp","type":"image\/webp"}],"twitter_card":"summary_large_image","twitter_misc":{"Est. reading time":"1 minute"},"schema":{"@context":"https:\/\/schema.org","@graph":[{"@type":"WebPage","@id":"https:\/\/www.ovesnasvacinka.cz\/product\/super-protein-cookie-25g\/","url":"https:\/\/www.ovesnasvacinka.cz\/product\/super-protein-cookie-25g\/","name":"Super Protein Cookie 25g | Ovesn\u00e1 Sva\u010dinka","isPartOf":{"@id":"https:\/\/www.ovesnasvacinka.cz\/#website"},"primaryImageOfPage":{"@id":"https:\/\/www.ovesnasvacinka.cz\/product\/super-protein-cookie-25g\/#primaryimage"},"image":{"@id":"https:\/\/www.ovesnasvacinka.cz\/product\/super-protein-cookie-25g\/#primaryimage"},"thumbnailUrl":"https:\/\/www.ovesnasvacinka.cz\/wp-content\/uploads\/2025\/10\/protein-cookies.webp","datePublished":"2025-10-14T11:10:38+00:00","dateModified":"2026-04-24T05:34:35+00:00","description":"Lahodn\u00e1 proteinov\u00e1 su\u0161enka s belgickou ho\u0159kou \u010dokol\u00e1dou a kvalitn\u00edm ml\u00e9\u010dn\u00fdm proteinem. Produkt obsahuje karton s 15 kusy.","breadcrumb":{"@id":"https:\/\/www.ovesnasvacinka.cz\/product\/super-protein-cookie-25g\/#breadcrumb"},"inLanguage":"en-US","potentialAction":[{"@type":"ReadAction","target":["https:\/\/www.ovesnasvacinka.cz\/product\/super-protein-cookie-25g\/"]}]},{"@type":"ImageObject","inLanguage":"en-US","@id":"https:\/\/www.ovesnasvacinka.cz\/product\/super-protein-cookie-25g\/#primaryimage","url":"https:\/\/www.ovesnasvacinka.cz\/wp-content\/uploads\/2025\/10\/protein-cookies.webp","contentUrl":"https:\/\/www.ovesnasvacinka.cz\/wp-content\/uploads\/2025\/10\/protein-cookies.webp","width":800,"height":766,"caption":"Protein Cookies"},{"@type":"BreadcrumbList","@id":"https:\/\/www.ovesnasvacinka.cz\/product\/super-protein-cookie-25g\/#breadcrumb","itemListElement":[{"@type":"ListItem","position":1,"name":"Home","item":"https:\/\/www.ovesnasvacinka.cz\/"},{"@type":"ListItem","position":2,"name":"Shop","item":"https:\/\/www.ovesnasvacinka.cz\/shop\/"},{"@type":"ListItem","position":3,"name":"Super Protein Cookie 25g"}]},{"@type":"WebSite","@id":"https:\/\/www.ovesnasvacinka.cz\/#website","url":"https:\/\/www.ovesnasvacinka.cz\/","name":"Ovesn\u00e1 Sva\u010dinka","description":"Sva\u010dinka pro ka\u017edou p\u0159\u00edle\u017eitost","publisher":{"@id":"https:\/\/www.ovesnasvacinka.cz\/#organization"},"potentialAction":[{"@type":"SearchAction","target":{"@type":"EntryPoint","urlTemplate":"https:\/\/www.ovesnasvacinka.cz\/?s={search_term_string}"},"query-input":{"@type":"PropertyValueSpecification","valueRequired":true,"valueName":"search_term_string"}}],"inLanguage":"en-US"},{"@type":"Organization","@id":"https:\/\/www.ovesnasvacinka.cz\/#organization","name":"Ovesn\u00e1 Sva\u010dinka","url":"https:\/\/www.ovesnasvacinka.cz\/","logo":{"@type":"ImageObject","inLanguage":"en-US","@id":"https:\/\/www.ovesnasvacinka.cz\/#\/schema\/logo\/image\/","url":"https:\/\/www.ovesnasvacinka.cz\/wp-content\/uploads\/2022\/09\/logo_ok.png","contentUrl":"https:\/\/www.ovesnasvacinka.cz\/wp-content\/uploads\/2022\/09\/logo_ok.png","width":704,"height":159,"caption":"Ovesn\u00e1 Sva\u010dinka"},"image":{"@id":"https:\/\/www.ovesnasvacinka.cz\/#\/schema\/logo\/image\/"},"sameAs":["https:\/\/www.facebook.com\/profile.php?id=100086741557523","https:\/\/www.instagram.com\/ovesnasvacinka\/"]}]}},"_links":{"self":[{"href":"https:\/\/www.ovesnasvacinka.cz\/en\/wp-json\/wp\/v2\/product\/1937","targetHints":{"allow":["GET"]}}],"collection":[{"href":"https:\/\/www.ovesnasvacinka.cz\/en\/wp-json\/wp\/v2\/product"}],"about":[{"href":"https:\/\/www.ovesnasvacinka.cz\/en\/wp-json\/wp\/v2\/types\/product"}],"replies":[{"embeddable":true,"href":"https:\/\/www.ovesnasvacinka.cz\/en\/wp-json\/wp\/v2\/comments?post=1937"}],"wp:featuredmedia":[{"embeddable":true,"href":"https:\/\/www.ovesnasvacinka.cz\/en\/wp-json\/wp\/v2\/media\/1938"}],"wp:attachment":[{"href":"https:\/\/www.ovesnasvacinka.cz\/en\/wp-json\/wp\/v2\/media?parent=1937"}],"wp:term":[{"taxonomy":"product_brand","embeddable":true,"href":"https:\/\/www.ovesnasvacinka.cz\/en\/wp-json\/wp\/v2\/product_brand?post=1937"},{"taxonomy":"product_cat","embeddable":true,"href":"https:\/\/www.ovesnasvacinka.cz\/en\/wp-json\/wp\/v2\/product_cat?post=1937"},{"taxonomy":"product_tag","embeddable":true,"href":"https:\/\/www.ovesnasvacinka.cz\/en\/wp-json\/wp\/v2\/product_tag?post=1937"}],"curies":[{"name":"wp","href":"https:\/\/api.w.org\/{rel}","templated":true}]}}