{"id":1317,"date":"2024-09-17T09:44:17","date_gmt":"2024-09-17T09:44:17","guid":{"rendered":"https:\/\/www.ovesnasvacinka.cz\/?post_type=product&#038;p=1317"},"modified":"2026-04-23T14:04:27","modified_gmt":"2026-04-23T14:04:27","slug":"protein-cookies-brusnice","status":"publish","type":"product","link":"https:\/\/www.ovesnasvacinka.cz\/en\/product\/protein-cookies-brusnice\/","title":{"rendered":"Protein Cookies &#8211; brusnice"},"content":{"rendered":"<p><strong>Proteinov\u00e9 su\u0161enky 60g s brusnic\u00ed.<br \/>\n<\/strong>Slo\u017een\u00ed: Proteiny 20% (<span style=\"text-decoration: underline;\">ml\u00e9\u010dn\u00fd<\/span> a <span style=\"text-decoration: underline;\">syrov\u00e1tkov\u00fd<\/span> proteinov\u00fd koncentr\u00e1t), <span style=\"text-decoration: underline;\">p\u0161eni\u010dn\u00e1 <\/span>mouka, rostlinn\u00fd tuk palmov\u00fd, cukr, proslazen\u00e1 brusnice velkoplod\u00e1 min. 8% (brusnice, cukr, slune\u010dnicov\u00fd olej), kousky belgick\u00e9 \u010dokol\u00e1dy min.5% (kakaov\u00e1 hmota, cukr, emulg\u00e1tor: <span style=\"text-decoration: underline;\">s\u00f3jov\u00fd<\/span> lecitin, p\u0159\u00edrodn\u00ed vanilkov\u00e9 aroma), gluk\u00f3zo-frukt\u00f3zov\u00fd sirup, zvlh\u010duj\u00edc\u00ed l\u00e1tka (glycerin), jedl\u00e1 s\u016fl , kyp\u0159\u00edc\u00ed l\u00e1tka (hydrogenuhli\u010ditan sodn\u00fd), konzerva\u010dn\u00ed l\u00e1tka (sorban draseln\u00fd, propion\u00e1t sodn\u00fd), p\u0159\u00edrodn\u00ed brusinkov\u00e9 aroma. Obsah kakaov\u00e9 su\u0161iny v \u010dokol\u00e1d\u011b min. 50%. Trvanliv\u00e9 pe\u010divo. <span style=\"text-decoration: underline;\">V\u00fdrobek m\u016f\u017ee obsahovat stopov\u00e1 mno\u017estv\u00ed: sezamu, ara\u0161\u00edd\u016f a jin\u00fdch sko\u0159\u00e1pkov\u00fdch plod\u016f.<\/span><\/p>\n<p>&nbsp;<\/p>\n<p><strong>V\u00fd\u017eivov\u00e9 hodnoty \/ V\u00fd\u017eivov\u00e1 hodnota na 100 g v\u00fdrobku:<\/strong><br \/>\nEnergetick\u00e1 hodnota \/ Energetick\u00e1 hodnota:429 kcal \/ 1798 kJ<br \/>\nTuky \/ Tuky: 20g Z toho nasycen\u00e9 mastn\u00e9 kyseliny \/ Z toho nas\u00fdten\u00e9 mastn\u00e9 kyseliny:2,3 g<br \/>\nSacharidy \/ Sacharidy: 41g z toho cukry\/ z toho cukry 29g<br \/>\nB\u00edlkoviny \/ Bielkoviny: 20g<br \/>\nS\u016fl \/ So\u013e: 0,52g<\/p>\n<p>Balen\u00ed obsahuje kart\u00f3n s 15 kusy s hmotnost\u00ed jednoho kusu 60g.<\/p>","protected":false},"excerpt":{"rendered":"<p>Proteinov\u00e9 su\u0161enky belgickou \u010dokol\u00e1dou. Produkt obsahuje syrov\u00e1tkov\u00fd a ml\u00e9\u010dn\u00fd protein 20%, bez s\u00f3jov\u00e9ho proteinu. Balen\u00ed obsahuje kart\u00f3n s 15 kusy s hmotnost\u00ed jednoho kusu 60g.<\/p>","protected":false},"featured_media":1318,"comment_status":"open","ping_status":"closed","template":"","meta":{"_monsterinsights_skip_tracking":false,"_monsterinsights_sitenote_active":false,"_monsterinsights_sitenote_note":"","_monsterinsights_sitenote_category":0},"product_brand":[],"product_cat":[24],"product_tag":[],"class_list":{"0":"post-1317","1":"product","2":"type-product","3":"status-publish","4":"has-post-thumbnail","6":"product_cat-protein-cookies","8":"first","9":"outofstock","10":"shipping-taxable","11":"purchasable","12":"product-type-simple"},"yoast_head":"<!-- This site is optimized with the Yoast SEO plugin v25.3 - https:\/\/yoast.com\/wordpress\/plugins\/seo\/ -->\n<title>Protein Cookies - brusnice | Ovesn\u00e1 Sva\u010dinka<\/title>\n<meta name=\"description\" content=\"Proteinov\u00e9 su\u0161enky belgickou \u010dokol\u00e1dou. Produkt obsahuje syrov\u00e1tkov\u00fd a ml\u00e9\u010dn\u00fd protein 20%, bez s\u00f3jov\u00e9ho proteinu. Balen\u00ed obsahuje kart\u00f3n s 15 kusy s hmotnost\u00ed jednoho kusu 60g.\" \/>\n<meta name=\"robots\" content=\"index, follow, max-snippet:-1, max-image-preview:large, max-video-preview:-1\" \/>\n<link rel=\"canonical\" href=\"https:\/\/www.ovesnasvacinka.cz\/en\/product\/protein-cookies-brusnice\/\" \/>\n<meta property=\"og:locale\" content=\"en_US\" \/>\n<meta property=\"og:type\" content=\"article\" \/>\n<meta property=\"og:title\" content=\"Protein Cookies - brusnice | Ovesn\u00e1 Sva\u010dinka\" \/>\n<meta property=\"og:description\" content=\"Proteinov\u00e9 su\u0161enky belgickou \u010dokol\u00e1dou. Produkt obsahuje syrov\u00e1tkov\u00fd a ml\u00e9\u010dn\u00fd protein 20%, bez s\u00f3jov\u00e9ho proteinu. Balen\u00ed obsahuje kart\u00f3n s 15 kusy s hmotnost\u00ed jednoho kusu 60g.\" \/>\n<meta property=\"og:url\" content=\"https:\/\/www.ovesnasvacinka.cz\/en\/product\/protein-cookies-brusnice\/\" \/>\n<meta property=\"og:site_name\" content=\"Ovesn\u00e1 Sva\u010dinka\" \/>\n<meta property=\"article:publisher\" content=\"https:\/\/www.facebook.com\/profile.php?id=100086741557523\" \/>\n<meta property=\"article:modified_time\" content=\"2026-04-23T14:04:27+00:00\" \/>\n<meta property=\"og:image\" content=\"https:\/\/www.ovesnasvacinka.cz\/wp-content\/uploads\/2024\/08\/protein_cookies_brusinka.jpg\" \/>\n\t<meta property=\"og:image:width\" content=\"800\" \/>\n\t<meta property=\"og:image:height\" content=\"766\" \/>\n\t<meta property=\"og:image:type\" content=\"image\/jpeg\" \/>\n<meta name=\"twitter:card\" content=\"summary_large_image\" \/>\n<meta name=\"twitter:label1\" content=\"Est. reading time\" \/>\n\t<meta name=\"twitter:data1\" content=\"1 minute\" \/>\n<script type=\"application\/ld+json\" class=\"yoast-schema-graph\">{\"@context\":\"https:\/\/schema.org\",\"@graph\":[{\"@type\":\"WebPage\",\"@id\":\"https:\/\/www.ovesnasvacinka.cz\/product\/protein-cookies-brusnice\/\",\"url\":\"https:\/\/www.ovesnasvacinka.cz\/product\/protein-cookies-brusnice\/\",\"name\":\"Protein Cookies - brusnice | Ovesn\u00e1 Sva\u010dinka\",\"isPartOf\":{\"@id\":\"https:\/\/www.ovesnasvacinka.cz\/#website\"},\"primaryImageOfPage\":{\"@id\":\"https:\/\/www.ovesnasvacinka.cz\/product\/protein-cookies-brusnice\/#primaryimage\"},\"image\":{\"@id\":\"https:\/\/www.ovesnasvacinka.cz\/product\/protein-cookies-brusnice\/#primaryimage\"},\"thumbnailUrl\":\"https:\/\/www.ovesnasvacinka.cz\/wp-content\/uploads\/2024\/08\/protein_cookies_brusinka.jpg\",\"datePublished\":\"2024-09-17T09:44:17+00:00\",\"dateModified\":\"2026-04-23T14:04:27+00:00\",\"description\":\"Proteinov\u00e9 su\u0161enky belgickou \u010dokol\u00e1dou. Produkt obsahuje syrov\u00e1tkov\u00fd a ml\u00e9\u010dn\u00fd protein 20%, bez s\u00f3jov\u00e9ho proteinu. Balen\u00ed obsahuje kart\u00f3n s 15 kusy s hmotnost\u00ed jednoho kusu 60g.\",\"breadcrumb\":{\"@id\":\"https:\/\/www.ovesnasvacinka.cz\/product\/protein-cookies-brusnice\/#breadcrumb\"},\"inLanguage\":\"en-US\",\"potentialAction\":[{\"@type\":\"ReadAction\",\"target\":[\"https:\/\/www.ovesnasvacinka.cz\/product\/protein-cookies-brusnice\/\"]}]},{\"@type\":\"ImageObject\",\"inLanguage\":\"en-US\",\"@id\":\"https:\/\/www.ovesnasvacinka.cz\/product\/protein-cookies-brusnice\/#primaryimage\",\"url\":\"https:\/\/www.ovesnasvacinka.cz\/wp-content\/uploads\/2024\/08\/protein_cookies_brusinka.jpg\",\"contentUrl\":\"https:\/\/www.ovesnasvacinka.cz\/wp-content\/uploads\/2024\/08\/protein_cookies_brusinka.jpg\",\"width\":800,\"height\":766,\"caption\":\"Protein cookies\"},{\"@type\":\"BreadcrumbList\",\"@id\":\"https:\/\/www.ovesnasvacinka.cz\/product\/protein-cookies-brusnice\/#breadcrumb\",\"itemListElement\":[{\"@type\":\"ListItem\",\"position\":1,\"name\":\"Home\",\"item\":\"https:\/\/www.ovesnasvacinka.cz\/\"},{\"@type\":\"ListItem\",\"position\":2,\"name\":\"Shop\",\"item\":\"https:\/\/www.ovesnasvacinka.cz\/shop\/\"},{\"@type\":\"ListItem\",\"position\":3,\"name\":\"Protein Cookies &#8211; brusnice\"}]},{\"@type\":\"WebSite\",\"@id\":\"https:\/\/www.ovesnasvacinka.cz\/#website\",\"url\":\"https:\/\/www.ovesnasvacinka.cz\/\",\"name\":\"Ovesn\u00e1 Sva\u010dinka\",\"description\":\"Sva\u010dinka pro ka\u017edou p\u0159\u00edle\u017eitost\",\"publisher\":{\"@id\":\"https:\/\/www.ovesnasvacinka.cz\/#organization\"},\"potentialAction\":[{\"@type\":\"SearchAction\",\"target\":{\"@type\":\"EntryPoint\",\"urlTemplate\":\"https:\/\/www.ovesnasvacinka.cz\/?s={search_term_string}\"},\"query-input\":{\"@type\":\"PropertyValueSpecification\",\"valueRequired\":true,\"valueName\":\"search_term_string\"}}],\"inLanguage\":\"en-US\"},{\"@type\":\"Organization\",\"@id\":\"https:\/\/www.ovesnasvacinka.cz\/#organization\",\"name\":\"Ovesn\u00e1 Sva\u010dinka\",\"url\":\"https:\/\/www.ovesnasvacinka.cz\/\",\"logo\":{\"@type\":\"ImageObject\",\"inLanguage\":\"en-US\",\"@id\":\"https:\/\/www.ovesnasvacinka.cz\/#\/schema\/logo\/image\/\",\"url\":\"https:\/\/www.ovesnasvacinka.cz\/wp-content\/uploads\/2022\/09\/logo_ok.png\",\"contentUrl\":\"https:\/\/www.ovesnasvacinka.cz\/wp-content\/uploads\/2022\/09\/logo_ok.png\",\"width\":704,\"height\":159,\"caption\":\"Ovesn\u00e1 Sva\u010dinka\"},\"image\":{\"@id\":\"https:\/\/www.ovesnasvacinka.cz\/#\/schema\/logo\/image\/\"},\"sameAs\":[\"https:\/\/www.facebook.com\/profile.php?id=100086741557523\",\"https:\/\/www.instagram.com\/ovesnasvacinka\/\"]}]}<\/script>\n<!-- \/ Yoast SEO plugin. -->","yoast_head_json":{"title":"Protein Cookies - brusnice | Ovesn\u00e1 Sva\u010dinka","description":"Proteinov\u00e9 su\u0161enky belgickou \u010dokol\u00e1dou. Produkt obsahuje syrov\u00e1tkov\u00fd a ml\u00e9\u010dn\u00fd protein 20%, bez s\u00f3jov\u00e9ho proteinu. Balen\u00ed obsahuje kart\u00f3n s 15 kusy s hmotnost\u00ed jednoho kusu 60g.","robots":{"index":"index","follow":"follow","max-snippet":"max-snippet:-1","max-image-preview":"max-image-preview:large","max-video-preview":"max-video-preview:-1"},"canonical":"https:\/\/www.ovesnasvacinka.cz\/en\/product\/protein-cookies-brusnice\/","og_locale":"en_US","og_type":"article","og_title":"Protein Cookies - brusnice | Ovesn\u00e1 Sva\u010dinka","og_description":"Proteinov\u00e9 su\u0161enky belgickou \u010dokol\u00e1dou. Produkt obsahuje syrov\u00e1tkov\u00fd a ml\u00e9\u010dn\u00fd protein 20%, bez s\u00f3jov\u00e9ho proteinu. Balen\u00ed obsahuje kart\u00f3n s 15 kusy s hmotnost\u00ed jednoho kusu 60g.","og_url":"https:\/\/www.ovesnasvacinka.cz\/en\/product\/protein-cookies-brusnice\/","og_site_name":"Ovesn\u00e1 Sva\u010dinka","article_publisher":"https:\/\/www.facebook.com\/profile.php?id=100086741557523","article_modified_time":"2026-04-23T14:04:27+00:00","og_image":[{"width":800,"height":766,"url":"https:\/\/www.ovesnasvacinka.cz\/wp-content\/uploads\/2024\/08\/protein_cookies_brusinka.jpg","type":"image\/jpeg"}],"twitter_card":"summary_large_image","twitter_misc":{"Est. reading time":"1 minute"},"schema":{"@context":"https:\/\/schema.org","@graph":[{"@type":"WebPage","@id":"https:\/\/www.ovesnasvacinka.cz\/product\/protein-cookies-brusnice\/","url":"https:\/\/www.ovesnasvacinka.cz\/product\/protein-cookies-brusnice\/","name":"Protein Cookies - brusnice | Ovesn\u00e1 Sva\u010dinka","isPartOf":{"@id":"https:\/\/www.ovesnasvacinka.cz\/#website"},"primaryImageOfPage":{"@id":"https:\/\/www.ovesnasvacinka.cz\/product\/protein-cookies-brusnice\/#primaryimage"},"image":{"@id":"https:\/\/www.ovesnasvacinka.cz\/product\/protein-cookies-brusnice\/#primaryimage"},"thumbnailUrl":"https:\/\/www.ovesnasvacinka.cz\/wp-content\/uploads\/2024\/08\/protein_cookies_brusinka.jpg","datePublished":"2024-09-17T09:44:17+00:00","dateModified":"2026-04-23T14:04:27+00:00","description":"Proteinov\u00e9 su\u0161enky belgickou \u010dokol\u00e1dou. Produkt obsahuje syrov\u00e1tkov\u00fd a ml\u00e9\u010dn\u00fd protein 20%, bez s\u00f3jov\u00e9ho proteinu. Balen\u00ed obsahuje kart\u00f3n s 15 kusy s hmotnost\u00ed jednoho kusu 60g.","breadcrumb":{"@id":"https:\/\/www.ovesnasvacinka.cz\/product\/protein-cookies-brusnice\/#breadcrumb"},"inLanguage":"en-US","potentialAction":[{"@type":"ReadAction","target":["https:\/\/www.ovesnasvacinka.cz\/product\/protein-cookies-brusnice\/"]}]},{"@type":"ImageObject","inLanguage":"en-US","@id":"https:\/\/www.ovesnasvacinka.cz\/product\/protein-cookies-brusnice\/#primaryimage","url":"https:\/\/www.ovesnasvacinka.cz\/wp-content\/uploads\/2024\/08\/protein_cookies_brusinka.jpg","contentUrl":"https:\/\/www.ovesnasvacinka.cz\/wp-content\/uploads\/2024\/08\/protein_cookies_brusinka.jpg","width":800,"height":766,"caption":"Protein cookies"},{"@type":"BreadcrumbList","@id":"https:\/\/www.ovesnasvacinka.cz\/product\/protein-cookies-brusnice\/#breadcrumb","itemListElement":[{"@type":"ListItem","position":1,"name":"Home","item":"https:\/\/www.ovesnasvacinka.cz\/"},{"@type":"ListItem","position":2,"name":"Shop","item":"https:\/\/www.ovesnasvacinka.cz\/shop\/"},{"@type":"ListItem","position":3,"name":"Protein Cookies &#8211; brusnice"}]},{"@type":"WebSite","@id":"https:\/\/www.ovesnasvacinka.cz\/#website","url":"https:\/\/www.ovesnasvacinka.cz\/","name":"Ovesn\u00e1 Sva\u010dinka","description":"Sva\u010dinka pro ka\u017edou p\u0159\u00edle\u017eitost","publisher":{"@id":"https:\/\/www.ovesnasvacinka.cz\/#organization"},"potentialAction":[{"@type":"SearchAction","target":{"@type":"EntryPoint","urlTemplate":"https:\/\/www.ovesnasvacinka.cz\/?s={search_term_string}"},"query-input":{"@type":"PropertyValueSpecification","valueRequired":true,"valueName":"search_term_string"}}],"inLanguage":"en-US"},{"@type":"Organization","@id":"https:\/\/www.ovesnasvacinka.cz\/#organization","name":"Ovesn\u00e1 Sva\u010dinka","url":"https:\/\/www.ovesnasvacinka.cz\/","logo":{"@type":"ImageObject","inLanguage":"en-US","@id":"https:\/\/www.ovesnasvacinka.cz\/#\/schema\/logo\/image\/","url":"https:\/\/www.ovesnasvacinka.cz\/wp-content\/uploads\/2022\/09\/logo_ok.png","contentUrl":"https:\/\/www.ovesnasvacinka.cz\/wp-content\/uploads\/2022\/09\/logo_ok.png","width":704,"height":159,"caption":"Ovesn\u00e1 Sva\u010dinka"},"image":{"@id":"https:\/\/www.ovesnasvacinka.cz\/#\/schema\/logo\/image\/"},"sameAs":["https:\/\/www.facebook.com\/profile.php?id=100086741557523","https:\/\/www.instagram.com\/ovesnasvacinka\/"]}]}},"_links":{"self":[{"href":"https:\/\/www.ovesnasvacinka.cz\/en\/wp-json\/wp\/v2\/product\/1317","targetHints":{"allow":["GET"]}}],"collection":[{"href":"https:\/\/www.ovesnasvacinka.cz\/en\/wp-json\/wp\/v2\/product"}],"about":[{"href":"https:\/\/www.ovesnasvacinka.cz\/en\/wp-json\/wp\/v2\/types\/product"}],"replies":[{"embeddable":true,"href":"https:\/\/www.ovesnasvacinka.cz\/en\/wp-json\/wp\/v2\/comments?post=1317"}],"wp:featuredmedia":[{"embeddable":true,"href":"https:\/\/www.ovesnasvacinka.cz\/en\/wp-json\/wp\/v2\/media\/1318"}],"wp:attachment":[{"href":"https:\/\/www.ovesnasvacinka.cz\/en\/wp-json\/wp\/v2\/media?parent=1317"}],"wp:term":[{"taxonomy":"product_brand","embeddable":true,"href":"https:\/\/www.ovesnasvacinka.cz\/en\/wp-json\/wp\/v2\/product_brand?post=1317"},{"taxonomy":"product_cat","embeddable":true,"href":"https:\/\/www.ovesnasvacinka.cz\/en\/wp-json\/wp\/v2\/product_cat?post=1317"},{"taxonomy":"product_tag","embeddable":true,"href":"https:\/\/www.ovesnasvacinka.cz\/en\/wp-json\/wp\/v2\/product_tag?post=1317"}],"curies":[{"name":"wp","href":"https:\/\/api.w.org\/{rel}","templated":true}]}}